{"id":11574,"date":"2021-06-23T13:38:40","date_gmt":"2021-06-23T13:38:40","guid":{"rendered":"https:\/\/server.idssoft.net\/idsdemo\/producto\/bateria-powerbank-cromad-5000mah-lcd-2-1a-azul\/"},"modified":"2021-06-23T13:38:40","modified_gmt":"2021-06-23T13:38:40","slug":"bateria-powerbank-cromad-5000mah-lcd-2-1a-azul","status":"publish","type":"product","link":"https:\/\/server.idssoft.net\/idsdemo\/producto\/bateria-powerbank-cromad-5000mah-lcd-2-1a-azul\/","title":{"rendered":"BATERIA POWERBANK CROMAD 5000MAH | LCD | 2.1A | AZUL"},"content":{"rendered":"<p>&#8211; F\u00e1cil de transportar<br \/>&#8211; 600 ciclos de carga<br \/>&#8211; Carga r\u00e1pida<br \/>&#8211; Resistente<br \/>&#8211; Estabilidad y protecci\u00f3n<br \/>&#8211; Compatible con infinidad de dispositivos<br \/>&#8211; Capacidad de 5000 mAh<br \/>&#8211; Salida: 2 x Conector USB. 5 VDC\/2.1A de sali<\/p>\n","protected":false},"excerpt":{"rendered":"<p>&#8211; F\u00e1cil de transportar&#8211; 600 ciclos de carga&#8211; Carga r\u00e1pida&#8211; Resistente&#8211; Estabilidad y protecci\u00f3n&#8211; Compatible con infinidad de dispositivos&#8211; Capacidad de 5000 mAh&#8211; Salida: 2 x Conector USB. 5 VDC\/2.1A de sali<\/p>\n","protected":false},"featured_media":11572,"comment_status":"open","ping_status":"closed","template":"","meta":[],"product_cat":[493],"product_tag":[],"class_list":["post-11574","product","type-product","status-publish","has-post-thumbnail","hentry","product_cat-powerbank","thunk-woo-product-list","opn-qv-enable","top-store-woo-hover-","top-store-single-product-tab-horizontal","top-store-shadow-","top-store-shadow-hover-"],"_links":{"self":[{"href":"https:\/\/server.idssoft.net\/idsdemo\/wp-json\/wp\/v2\/product\/11574","targetHints":{"allow":["GET"]}}],"collection":[{"href":"https:\/\/server.idssoft.net\/idsdemo\/wp-json\/wp\/v2\/product"}],"about":[{"href":"https:\/\/server.idssoft.net\/idsdemo\/wp-json\/wp\/v2\/types\/product"}],"replies":[{"embeddable":true,"href":"https:\/\/server.idssoft.net\/idsdemo\/wp-json\/wp\/v2\/comments?post=11574"}],"wp:featuredmedia":[{"embeddable":true,"href":"https:\/\/server.idssoft.net\/idsdemo\/wp-json\/wp\/v2\/media\/11572"}],"wp:attachment":[{"href":"https:\/\/server.idssoft.net\/idsdemo\/wp-json\/wp\/v2\/media?parent=11574"}],"wp:term":[{"taxonomy":"product_cat","embeddable":true,"href":"https:\/\/server.idssoft.net\/idsdemo\/wp-json\/wp\/v2\/product_cat?post=11574"},{"taxonomy":"product_tag","embeddable":true,"href":"https:\/\/server.idssoft.net\/idsdemo\/wp-json\/wp\/v2\/product_tag?post=11574"}],"curies":[{"name":"wp","href":"https:\/\/api.w.org\/{rel}","templated":true}]}}