{"id":11600,"date":"2021-06-23T13:39:25","date_gmt":"2021-06-23T13:39:25","guid":{"rendered":"https:\/\/server.idssoft.net\/idsdemo\/producto\/tensiometro-de-brazo-beurer-bm-27-deteccion-de-arritmias\/"},"modified":"2021-06-23T13:39:25","modified_gmt":"2021-06-23T13:39:25","slug":"tensiometro-de-brazo-beurer-bm-27-deteccion-de-arritmias","status":"publish","type":"product","link":"https:\/\/server.idssoft.net\/idsdemo\/producto\/tensiometro-de-brazo-beurer-bm-27-deteccion-de-arritmias\/","title":{"rendered":"TENSIOMETRO DE BRAZO BEURER BM-27 &#8211; DETECCI\u00d3N DE ARRITMIAS &#8211;"},"content":{"rendered":"<p>Con el tensi\u00f3metro de brazo BM 27 la medici\u00f3n es todav\u00eda m\u00e1s f\u00e1cil. El control de sujeci\u00f3n del brazalete y el aviso autom\u00e1tico en caso de errores de aplicaci\u00f3n le facilitan la tarea y, a su vez, ayudan a evitar errores en la medici\u00f3n.<br \/>&lt;br<\/p>\n","protected":false},"excerpt":{"rendered":"<p>Con el tensi\u00f3metro de brazo BM 27 la medici\u00f3n es todav\u00eda m\u00e1s f\u00e1cil. El control de sujeci\u00f3n del brazalete y el aviso autom\u00e1tico en caso de errores de aplicaci\u00f3n le facilitan la tarea y, a su vez, ayudan a evitar errores en la medici\u00f3n.&lt;br<\/p>\n","protected":false},"featured_media":11598,"comment_status":"open","ping_status":"closed","template":"","meta":[],"product_cat":[558],"product_tag":[],"class_list":["post-11600","product","type-product","status-publish","has-post-thumbnail","hentry","product_cat-tensiometros-y-pulsioximetros","thunk-woo-product-list","opn-qv-enable","top-store-woo-hover-","top-store-single-product-tab-horizontal","top-store-shadow-","top-store-shadow-hover-"],"_links":{"self":[{"href":"https:\/\/server.idssoft.net\/idsdemo\/wp-json\/wp\/v2\/product\/11600","targetHints":{"allow":["GET"]}}],"collection":[{"href":"https:\/\/server.idssoft.net\/idsdemo\/wp-json\/wp\/v2\/product"}],"about":[{"href":"https:\/\/server.idssoft.net\/idsdemo\/wp-json\/wp\/v2\/types\/product"}],"replies":[{"embeddable":true,"href":"https:\/\/server.idssoft.net\/idsdemo\/wp-json\/wp\/v2\/comments?post=11600"}],"wp:featuredmedia":[{"embeddable":true,"href":"https:\/\/server.idssoft.net\/idsdemo\/wp-json\/wp\/v2\/media\/11598"}],"wp:attachment":[{"href":"https:\/\/server.idssoft.net\/idsdemo\/wp-json\/wp\/v2\/media?parent=11600"}],"wp:term":[{"taxonomy":"product_cat","embeddable":true,"href":"https:\/\/server.idssoft.net\/idsdemo\/wp-json\/wp\/v2\/product_cat?post=11600"},{"taxonomy":"product_tag","embeddable":true,"href":"https:\/\/server.idssoft.net\/idsdemo\/wp-json\/wp\/v2\/product_tag?post=11600"}],"curies":[{"name":"wp","href":"https:\/\/api.w.org\/{rel}","templated":true}]}}