{"id":11630,"date":"2021-06-23T13:40:12","date_gmt":"2021-06-23T13:40:12","guid":{"rendered":"https:\/\/server.idssoft.net\/idsdemo\/producto\/soporte-para-microondas-hornos-cromad\/"},"modified":"2021-06-23T13:40:12","modified_gmt":"2021-06-23T13:40:12","slug":"soporte-para-microondas-hornos-cromad","status":"publish","type":"product","link":"https:\/\/server.idssoft.net\/idsdemo\/producto\/soporte-para-microondas-hornos-cromad\/","title":{"rendered":"SOPORTE PARA MICROONDAS \/ HORNOS CROMAD"},"content":{"rendered":"<p>\/ Sencillo y totalmente ajustable. Se adapta a la mayor\u00eda de tama\u00f1os y formas de microondas y hornos el\u00e9ctricos.<br \/>\/ \u00datil para conseguir espacio extra en la cocina<br \/>\/ Peso Soportado: 30Kg<br \/>\/ Dimensiones: 128x492mm<br \/>\/ Longitud ajustable:<\/p>\n","protected":false},"excerpt":{"rendered":"<p>\/ Sencillo y totalmente ajustable. Se adapta a la mayor\u00eda de tama\u00f1os y formas de microondas y hornos el\u00e9ctricos.\/ \u00datil para conseguir espacio extra en la cocina\/ Peso Soportado: 30Kg\/ Dimensiones: 128x492mm\/ Longitud ajustable:<\/p>\n","protected":false},"featured_media":11628,"comment_status":"open","ping_status":"closed","template":"","meta":[],"product_cat":[592],"product_tag":[],"class_list":["post-11630","product","type-product","status-publish","has-post-thumbnail","hentry","product_cat-otros-soportes","thunk-woo-product-list","opn-qv-enable","top-store-woo-hover-","top-store-single-product-tab-horizontal","top-store-shadow-","top-store-shadow-hover-"],"_links":{"self":[{"href":"https:\/\/server.idssoft.net\/idsdemo\/wp-json\/wp\/v2\/product\/11630","targetHints":{"allow":["GET"]}}],"collection":[{"href":"https:\/\/server.idssoft.net\/idsdemo\/wp-json\/wp\/v2\/product"}],"about":[{"href":"https:\/\/server.idssoft.net\/idsdemo\/wp-json\/wp\/v2\/types\/product"}],"replies":[{"embeddable":true,"href":"https:\/\/server.idssoft.net\/idsdemo\/wp-json\/wp\/v2\/comments?post=11630"}],"wp:featuredmedia":[{"embeddable":true,"href":"https:\/\/server.idssoft.net\/idsdemo\/wp-json\/wp\/v2\/media\/11628"}],"wp:attachment":[{"href":"https:\/\/server.idssoft.net\/idsdemo\/wp-json\/wp\/v2\/media?parent=11630"}],"wp:term":[{"taxonomy":"product_cat","embeddable":true,"href":"https:\/\/server.idssoft.net\/idsdemo\/wp-json\/wp\/v2\/product_cat?post=11630"},{"taxonomy":"product_tag","embeddable":true,"href":"https:\/\/server.idssoft.net\/idsdemo\/wp-json\/wp\/v2\/product_tag?post=11630"}],"curies":[{"name":"wp","href":"https:\/\/api.w.org\/{rel}","templated":true}]}}