{"id":11664,"date":"2021-06-23T13:41:21","date_gmt":"2021-06-23T13:41:21","guid":{"rendered":"https:\/\/server.idssoft.net\/idsdemo\/producto\/mando-inalambrico-para-ps4-spirit-of-gamer-btgp41-bluetoot\/"},"modified":"2021-06-23T13:41:21","modified_gmt":"2021-06-23T13:41:21","slug":"mando-inalambrico-para-ps4-spirit-of-gamer-btgp41-bluetoot","status":"publish","type":"product","link":"https:\/\/server.idssoft.net\/idsdemo\/producto\/mando-inalambrico-para-ps4-spirit-of-gamer-btgp41-bluetoot\/","title":{"rendered":"MANDO INAL\u00c1MBRICO PARA PS4 SPIRIT OF GAMER BTGP41 &#8211; BLUETOOT"},"content":{"rendered":"<p>Longitud del cable de carga de 1,2 metros<br \/>Autonom\u00eda: 12h<br \/>Distancia operativa: 8 a 10 metros<br \/>Conectividad inal\u00e1mbrica Bluetooth<br \/>Bater\u00eda Li-ion 620mAh (3.7V)<br \/>Gamepad 16 botones digitales y sticks anal\u00f3gicos 360 \u00b0. Doble gatillo<\/p>\n","protected":false},"excerpt":{"rendered":"<p>Longitud del cable de carga de 1,2 metrosAutonom\u00eda: 12hDistancia operativa: 8 a 10 metrosConectividad inal\u00e1mbrica BluetoothBater\u00eda Li-ion 620mAh (3.7V)Gamepad 16 botones digitales y sticks anal\u00f3gicos 360 \u00b0. Doble gatillo<\/p>\n","protected":false},"featured_media":11662,"comment_status":"open","ping_status":"closed","template":"","meta":[],"product_cat":[460],"product_tag":[],"class_list":["post-11664","product","type-product","status-publish","has-post-thumbnail","hentry","product_cat-joystick","thunk-woo-product-list","opn-qv-enable","top-store-woo-hover-","top-store-single-product-tab-horizontal","top-store-shadow-","top-store-shadow-hover-"],"_links":{"self":[{"href":"https:\/\/server.idssoft.net\/idsdemo\/wp-json\/wp\/v2\/product\/11664","targetHints":{"allow":["GET"]}}],"collection":[{"href":"https:\/\/server.idssoft.net\/idsdemo\/wp-json\/wp\/v2\/product"}],"about":[{"href":"https:\/\/server.idssoft.net\/idsdemo\/wp-json\/wp\/v2\/types\/product"}],"replies":[{"embeddable":true,"href":"https:\/\/server.idssoft.net\/idsdemo\/wp-json\/wp\/v2\/comments?post=11664"}],"wp:featuredmedia":[{"embeddable":true,"href":"https:\/\/server.idssoft.net\/idsdemo\/wp-json\/wp\/v2\/media\/11662"}],"wp:attachment":[{"href":"https:\/\/server.idssoft.net\/idsdemo\/wp-json\/wp\/v2\/media?parent=11664"}],"wp:term":[{"taxonomy":"product_cat","embeddable":true,"href":"https:\/\/server.idssoft.net\/idsdemo\/wp-json\/wp\/v2\/product_cat?post=11664"},{"taxonomy":"product_tag","embeddable":true,"href":"https:\/\/server.idssoft.net\/idsdemo\/wp-json\/wp\/v2\/product_tag?post=11664"}],"curies":[{"name":"wp","href":"https:\/\/api.w.org\/{rel}","templated":true}]}}