{"id":11685,"date":"2021-06-23T13:41:57","date_gmt":"2021-06-23T13:41:57","guid":{"rendered":"https:\/\/server.idssoft.net\/idsdemo\/producto\/telefono-personas-mayores-bigphone-muvip\/"},"modified":"2021-06-23T13:41:57","modified_gmt":"2021-06-23T13:41:57","slug":"telefono-personas-mayores-bigphone-muvip","status":"publish","type":"product","link":"https:\/\/server.idssoft.net\/idsdemo\/producto\/telefono-personas-mayores-bigphone-muvip\/","title":{"rendered":"TELEFONO PERSONAS MAYORES BIGPHONE MUVIP"},"content":{"rendered":"<p>El tel\u00e9fono fijo que esperabas para los m\u00e1s mayores de la casa. Tus padres o abuelos te lo agradecer\u00e1n, gracias al tel\u00e9fono fijo BIGPHONE especialmente para personas mayores, podr\u00e1n disfrutar de n\u00fameros de marcaci\u00f3n grandes, con una pantalla lc<\/p>\n","protected":false},"excerpt":{"rendered":"<p>El tel\u00e9fono fijo que esperabas para los m\u00e1s mayores de la casa. Tus padres o abuelos te lo agradecer\u00e1n, gracias al tel\u00e9fono fijo BIGPHONE especialmente para personas mayores, podr\u00e1n disfrutar de n\u00fameros de marcaci\u00f3n grandes, con una pantalla lc<\/p>\n","protected":false},"featured_media":11683,"comment_status":"open","ping_status":"closed","template":"","meta":[],"product_cat":[487],"product_tag":[],"class_list":["post-11685","product","type-product","status-publish","has-post-thumbnail","hentry","product_cat-telefona-fija-sobremesa","thunk-woo-product-list","opn-qv-enable","top-store-woo-hover-","top-store-single-product-tab-horizontal","top-store-shadow-","top-store-shadow-hover-"],"_links":{"self":[{"href":"https:\/\/server.idssoft.net\/idsdemo\/wp-json\/wp\/v2\/product\/11685","targetHints":{"allow":["GET"]}}],"collection":[{"href":"https:\/\/server.idssoft.net\/idsdemo\/wp-json\/wp\/v2\/product"}],"about":[{"href":"https:\/\/server.idssoft.net\/idsdemo\/wp-json\/wp\/v2\/types\/product"}],"replies":[{"embeddable":true,"href":"https:\/\/server.idssoft.net\/idsdemo\/wp-json\/wp\/v2\/comments?post=11685"}],"wp:featuredmedia":[{"embeddable":true,"href":"https:\/\/server.idssoft.net\/idsdemo\/wp-json\/wp\/v2\/media\/11683"}],"wp:attachment":[{"href":"https:\/\/server.idssoft.net\/idsdemo\/wp-json\/wp\/v2\/media?parent=11685"}],"wp:term":[{"taxonomy":"product_cat","embeddable":true,"href":"https:\/\/server.idssoft.net\/idsdemo\/wp-json\/wp\/v2\/product_cat?post=11685"},{"taxonomy":"product_tag","embeddable":true,"href":"https:\/\/server.idssoft.net\/idsdemo\/wp-json\/wp\/v2\/product_tag?post=11685"}],"curies":[{"name":"wp","href":"https:\/\/api.w.org\/{rel}","templated":true}]}}