{"id":11687,"date":"2021-06-23T13:42:02","date_gmt":"2021-06-23T13:42:02","guid":{"rendered":"https:\/\/server.idssoft.net\/idsdemo\/producto\/bascula-digital-bano-round-design-muvip\/"},"modified":"2021-06-23T13:42:02","modified_gmt":"2021-06-23T13:42:02","slug":"bascula-digital-bano-round-design-muvip","status":"publish","type":"product","link":"https:\/\/server.idssoft.net\/idsdemo\/producto\/bascula-digital-bano-round-design-muvip\/","title":{"rendered":"BASCULA DIGITAL BA\u00d1O ROUND DESIGN MUVIP"},"content":{"rendered":"<p>&#8211; Capacidad: 180Kg<br \/>&#8211; Gran pantalla LCD<br \/>&#8211; Sensores alta precisi\u00f3n<br \/>&#8211; Apagado autom\u00e1tico<br \/>&#8211; Indicador de bateria baja y sobrecarga<br \/>&#8211; Encendido autom\u00e1tico tras presionar.<br \/>&#8211; Graduaci\u00f3n: 100gr<br \/>&#8211; Mediciones:<br \/>  &#8211; Masa \u00f3sea.<\/p>\n","protected":false},"excerpt":{"rendered":"<p>&#8211; Capacidad: 180Kg&#8211; Gran pantalla LCD&#8211; Sensores alta precisi\u00f3n&#8211; Apagado autom\u00e1tico&#8211; Indicador de bateria baja y sobrecarga&#8211; Encendido autom\u00e1tico tras presionar.&#8211; Graduaci\u00f3n: 100gr&#8211; Mediciones: &#8211; Masa \u00f3sea.<\/p>\n","protected":false},"featured_media":11686,"comment_status":"open","ping_status":"closed","template":"","meta":[],"product_cat":[510],"product_tag":[],"class_list":["post-11687","product","type-product","status-publish","has-post-thumbnail","hentry","product_cat-basculas-bao","thunk-woo-product-list","opn-qv-enable","top-store-woo-hover-","top-store-single-product-tab-horizontal","top-store-shadow-","top-store-shadow-hover-"],"_links":{"self":[{"href":"https:\/\/server.idssoft.net\/idsdemo\/wp-json\/wp\/v2\/product\/11687","targetHints":{"allow":["GET"]}}],"collection":[{"href":"https:\/\/server.idssoft.net\/idsdemo\/wp-json\/wp\/v2\/product"}],"about":[{"href":"https:\/\/server.idssoft.net\/idsdemo\/wp-json\/wp\/v2\/types\/product"}],"replies":[{"embeddable":true,"href":"https:\/\/server.idssoft.net\/idsdemo\/wp-json\/wp\/v2\/comments?post=11687"}],"wp:featuredmedia":[{"embeddable":true,"href":"https:\/\/server.idssoft.net\/idsdemo\/wp-json\/wp\/v2\/media\/11686"}],"wp:attachment":[{"href":"https:\/\/server.idssoft.net\/idsdemo\/wp-json\/wp\/v2\/media?parent=11687"}],"wp:term":[{"taxonomy":"product_cat","embeddable":true,"href":"https:\/\/server.idssoft.net\/idsdemo\/wp-json\/wp\/v2\/product_cat?post=11687"},{"taxonomy":"product_tag","embeddable":true,"href":"https:\/\/server.idssoft.net\/idsdemo\/wp-json\/wp\/v2\/product_tag?post=11687"}],"curies":[{"name":"wp","href":"https:\/\/api.w.org\/{rel}","templated":true}]}}