{"id":11692,"date":"2021-06-23T13:42:10","date_gmt":"2021-06-23T13:42:10","guid":{"rendered":"https:\/\/server.idssoft.net\/idsdemo\/producto\/stand-para-un-televisor-racing-simulator-cockpit-seat-cromad\/"},"modified":"2021-06-23T13:42:10","modified_gmt":"2021-06-23T13:42:10","slug":"stand-para-un-televisor-racing-simulator-cockpit-seat-cromad","status":"publish","type":"product","link":"https:\/\/server.idssoft.net\/idsdemo\/producto\/stand-para-un-televisor-racing-simulator-cockpit-seat-cromad\/","title":{"rendered":"STAND PARA UN TELEVISOR RACING SIMULATOR COCKPIT SEAT CROMAD"},"content":{"rendered":"<p>Es recomendable que coloque sus pantallas frente al asiento de carreras y obtenga el \u00e1ngulo de visi\u00f3n \u00f3ptimo. El soporte de monitor \u00fanico de CROMAD encaja perfectamente con el asiento de carreras y ofrece 2 configuraciones de altura. El dise\u00f1o an<\/p>\n","protected":false},"excerpt":{"rendered":"<p>Es recomendable que coloque sus pantallas frente al asiento de carreras y obtenga el \u00e1ngulo de visi\u00f3n \u00f3ptimo. El soporte de monitor \u00fanico de CROMAD encaja perfectamente con el asiento de carreras y ofrece 2 configuraciones de altura. El dise\u00f1o an<\/p>\n","protected":false},"featured_media":11690,"comment_status":"open","ping_status":"closed","template":"","meta":[],"product_cat":[613],"product_tag":[],"class_list":["post-11692","product","type-product","status-publish","has-post-thumbnail","hentry","product_cat-soportes-para-simuladores","thunk-woo-product-list","opn-qv-enable","top-store-woo-hover-","top-store-single-product-tab-horizontal","top-store-shadow-","top-store-shadow-hover-"],"_links":{"self":[{"href":"https:\/\/server.idssoft.net\/idsdemo\/wp-json\/wp\/v2\/product\/11692","targetHints":{"allow":["GET"]}}],"collection":[{"href":"https:\/\/server.idssoft.net\/idsdemo\/wp-json\/wp\/v2\/product"}],"about":[{"href":"https:\/\/server.idssoft.net\/idsdemo\/wp-json\/wp\/v2\/types\/product"}],"replies":[{"embeddable":true,"href":"https:\/\/server.idssoft.net\/idsdemo\/wp-json\/wp\/v2\/comments?post=11692"}],"wp:featuredmedia":[{"embeddable":true,"href":"https:\/\/server.idssoft.net\/idsdemo\/wp-json\/wp\/v2\/media\/11690"}],"wp:attachment":[{"href":"https:\/\/server.idssoft.net\/idsdemo\/wp-json\/wp\/v2\/media?parent=11692"}],"wp:term":[{"taxonomy":"product_cat","embeddable":true,"href":"https:\/\/server.idssoft.net\/idsdemo\/wp-json\/wp\/v2\/product_cat?post=11692"},{"taxonomy":"product_tag","embeddable":true,"href":"https:\/\/server.idssoft.net\/idsdemo\/wp-json\/wp\/v2\/product_tag?post=11692"}],"curies":[{"name":"wp","href":"https:\/\/api.w.org\/{rel}","templated":true}]}}