{"id":11717,"date":"2021-06-23T13:42:57","date_gmt":"2021-06-23T13:42:57","guid":{"rendered":"https:\/\/server.idssoft.net\/idsdemo\/producto\/linterna-led-cob-led-180lm-base-con-iman-elbat\/"},"modified":"2021-06-23T13:42:57","modified_gmt":"2021-06-23T13:42:57","slug":"linterna-led-cob-led-180lm-base-con-iman-elbat","status":"publish","type":"product","link":"https:\/\/server.idssoft.net\/idsdemo\/producto\/linterna-led-cob-led-180lm-base-con-iman-elbat\/","title":{"rendered":"LINTERNA LED COB + LED 180LM BASE CON IM\u00c1N ELBAT"},"content":{"rendered":"<p>&#8211; 180 L\u00famenes, 3W<br \/>&#8211; Modos de trabajo: encendido COB, encendido LED, apagado.<br \/>&#8211; Carcasa resistente de larga durabilidad<br \/>&#8211; Potente im\u00e1n que permite la colocaci\u00f3n de la linterna en m\u00faltiples \u00e1ngulos. <br \/>&#8211; Pesta\u00f1a para colgar.<br \/>&#8211; Di<\/p>\n","protected":false},"excerpt":{"rendered":"<p>&#8211; 180 L\u00famenes, 3W&#8211; Modos de trabajo: encendido COB, encendido LED, apagado.&#8211; Carcasa resistente de larga durabilidad&#8211; Potente im\u00e1n que permite la colocaci\u00f3n de la linterna en m\u00faltiples \u00e1ngulos. &#8211; Pesta\u00f1a para colgar.&#8211; Di<\/p>\n","protected":false},"featured_media":11715,"comment_status":"open","ping_status":"closed","template":"","meta":[],"product_cat":[457],"product_tag":[],"class_list":["post-11717","product","type-product","status-publish","has-post-thumbnail","hentry","product_cat-linternas-lamparas","thunk-woo-product-list","opn-qv-enable","top-store-woo-hover-","top-store-single-product-tab-horizontal","top-store-shadow-","top-store-shadow-hover-"],"_links":{"self":[{"href":"https:\/\/server.idssoft.net\/idsdemo\/wp-json\/wp\/v2\/product\/11717","targetHints":{"allow":["GET"]}}],"collection":[{"href":"https:\/\/server.idssoft.net\/idsdemo\/wp-json\/wp\/v2\/product"}],"about":[{"href":"https:\/\/server.idssoft.net\/idsdemo\/wp-json\/wp\/v2\/types\/product"}],"replies":[{"embeddable":true,"href":"https:\/\/server.idssoft.net\/idsdemo\/wp-json\/wp\/v2\/comments?post=11717"}],"wp:featuredmedia":[{"embeddable":true,"href":"https:\/\/server.idssoft.net\/idsdemo\/wp-json\/wp\/v2\/media\/11715"}],"wp:attachment":[{"href":"https:\/\/server.idssoft.net\/idsdemo\/wp-json\/wp\/v2\/media?parent=11717"}],"wp:term":[{"taxonomy":"product_cat","embeddable":true,"href":"https:\/\/server.idssoft.net\/idsdemo\/wp-json\/wp\/v2\/product_cat?post=11717"},{"taxonomy":"product_tag","embeddable":true,"href":"https:\/\/server.idssoft.net\/idsdemo\/wp-json\/wp\/v2\/product_tag?post=11717"}],"curies":[{"name":"wp","href":"https:\/\/api.w.org\/{rel}","templated":true}]}}