{"id":11729,"date":"2021-06-23T13:43:17","date_gmt":"2021-06-23T13:43:17","guid":{"rendered":"https:\/\/server.idssoft.net\/idsdemo\/producto\/impresora-de-tickets-termica-cromad-k110-250mm-s-80mm\/"},"modified":"2021-06-23T13:43:17","modified_gmt":"2021-06-23T13:43:17","slug":"impresora-de-tickets-termica-cromad-k110-250mm-s-80mm","status":"publish","type":"product","link":"https:\/\/server.idssoft.net\/idsdemo\/producto\/impresora-de-tickets-termica-cromad-k110-250mm-s-80mm\/","title":{"rendered":"IMPRESORA DE TICKETS T\u00c9RMICA CROMAD K110 | 250MM\/S | 80MM |"},"content":{"rendered":"<p>La impresora K110 de CROMAD es una impresora t\u00e9rmica de tickets compacta, fiable y r\u00e1pida. Compatible con el sistema POS. Ofrece caracter\u00edsticas importantes de f\u00e1cil manejo para el minorista, restaurantes y hosteler\u00eda. Incorpora un sistema de cor<\/p>\n","protected":false},"excerpt":{"rendered":"<p>La impresora K110 de CROMAD es una impresora t\u00e9rmica de tickets compacta, fiable y r\u00e1pida. Compatible con el sistema POS. Ofrece caracter\u00edsticas importantes de f\u00e1cil manejo para el minorista, restaurantes y hosteler\u00eda. Incorpora un sistema de cor<\/p>\n","protected":false},"featured_media":11728,"comment_status":"open","ping_status":"closed","template":"","meta":[],"product_cat":[485],"product_tag":[],"class_list":["post-11729","product","type-product","status-publish","has-post-thumbnail","hentry","product_cat-tpv","thunk-woo-product-list","opn-qv-enable","top-store-woo-hover-","top-store-single-product-tab-horizontal","top-store-shadow-","top-store-shadow-hover-"],"_links":{"self":[{"href":"https:\/\/server.idssoft.net\/idsdemo\/wp-json\/wp\/v2\/product\/11729","targetHints":{"allow":["GET"]}}],"collection":[{"href":"https:\/\/server.idssoft.net\/idsdemo\/wp-json\/wp\/v2\/product"}],"about":[{"href":"https:\/\/server.idssoft.net\/idsdemo\/wp-json\/wp\/v2\/types\/product"}],"replies":[{"embeddable":true,"href":"https:\/\/server.idssoft.net\/idsdemo\/wp-json\/wp\/v2\/comments?post=11729"}],"wp:featuredmedia":[{"embeddable":true,"href":"https:\/\/server.idssoft.net\/idsdemo\/wp-json\/wp\/v2\/media\/11728"}],"wp:attachment":[{"href":"https:\/\/server.idssoft.net\/idsdemo\/wp-json\/wp\/v2\/media?parent=11729"}],"wp:term":[{"taxonomy":"product_cat","embeddable":true,"href":"https:\/\/server.idssoft.net\/idsdemo\/wp-json\/wp\/v2\/product_cat?post=11729"},{"taxonomy":"product_tag","embeddable":true,"href":"https:\/\/server.idssoft.net\/idsdemo\/wp-json\/wp\/v2\/product_tag?post=11729"}],"curies":[{"name":"wp","href":"https:\/\/api.w.org\/{rel}","templated":true}]}}