{"id":11731,"date":"2021-06-23T13:43:21","date_gmt":"2021-06-23T13:43:21","guid":{"rendered":"https:\/\/server.idssoft.net\/idsdemo\/producto\/lector-de-codigos-de-barras-cromad-k210-laser-manual-au\/"},"modified":"2021-06-23T13:43:21","modified_gmt":"2021-06-23T13:43:21","slug":"lector-de-codigos-de-barras-cromad-k210-laser-manual-au","status":"publish","type":"product","link":"https:\/\/server.idssoft.net\/idsdemo\/producto\/lector-de-codigos-de-barras-cromad-k210-laser-manual-au\/","title":{"rendered":"LECTOR DE CODIGOS DE BARRAS CROMAD K210 | LASER | MANUAL, AU"},"content":{"rendered":"<p>El lector K210 de CROMAD es un lector de c\u00f3digos de barras USB con un dise\u00f1o ergon\u00f3mico y f\u00e1cil de manejar. No necesita drivers y es detectado por el PC autom\u00e1ticamente una vez conectado. Es configurable e incluye LED y  timbre para indicar estad<\/p>\n","protected":false},"excerpt":{"rendered":"<p>El lector K210 de CROMAD es un lector de c\u00f3digos de barras USB con un dise\u00f1o ergon\u00f3mico y f\u00e1cil de manejar. No necesita drivers y es detectado por el PC autom\u00e1ticamente una vez conectado. Es configurable e incluye LED y timbre para indicar estad<\/p>\n","protected":false},"featured_media":11730,"comment_status":"open","ping_status":"closed","template":"","meta":[],"product_cat":[485],"product_tag":[],"class_list":["post-11731","product","type-product","status-publish","has-post-thumbnail","hentry","product_cat-tpv","thunk-woo-product-list","opn-qv-enable","top-store-woo-hover-","top-store-single-product-tab-horizontal","top-store-shadow-","top-store-shadow-hover-"],"_links":{"self":[{"href":"https:\/\/server.idssoft.net\/idsdemo\/wp-json\/wp\/v2\/product\/11731","targetHints":{"allow":["GET"]}}],"collection":[{"href":"https:\/\/server.idssoft.net\/idsdemo\/wp-json\/wp\/v2\/product"}],"about":[{"href":"https:\/\/server.idssoft.net\/idsdemo\/wp-json\/wp\/v2\/types\/product"}],"replies":[{"embeddable":true,"href":"https:\/\/server.idssoft.net\/idsdemo\/wp-json\/wp\/v2\/comments?post=11731"}],"wp:featuredmedia":[{"embeddable":true,"href":"https:\/\/server.idssoft.net\/idsdemo\/wp-json\/wp\/v2\/media\/11730"}],"wp:attachment":[{"href":"https:\/\/server.idssoft.net\/idsdemo\/wp-json\/wp\/v2\/media?parent=11731"}],"wp:term":[{"taxonomy":"product_cat","embeddable":true,"href":"https:\/\/server.idssoft.net\/idsdemo\/wp-json\/wp\/v2\/product_cat?post=11731"},{"taxonomy":"product_tag","embeddable":true,"href":"https:\/\/server.idssoft.net\/idsdemo\/wp-json\/wp\/v2\/product_tag?post=11731"}],"curies":[{"name":"wp","href":"https:\/\/api.w.org\/{rel}","templated":true}]}}