{"id":11797,"date":"2021-06-23T13:45:14","date_gmt":"2021-06-23T13:45:14","guid":{"rendered":"https:\/\/server.idssoft.net\/idsdemo\/producto\/cargador-universal-65w-tipo-c-cromad\/"},"modified":"2021-06-23T13:45:14","modified_gmt":"2021-06-23T13:45:14","slug":"cargador-universal-65w-tipo-c-cromad","status":"publish","type":"product","link":"https:\/\/server.idssoft.net\/idsdemo\/producto\/cargador-universal-65w-tipo-c-cromad\/","title":{"rendered":"CARGADOR UNIVERSAL 65W TIPO C CROMAD"},"content":{"rendered":"<p>Se ajusta autom\u00e1ticamente el voltaje de salida segun la necesidad del dispositivo conectado. El USB-C es el conector de carga de nueva generaci\u00f3n para dispositivos tales como port\u00e1tiles, m\u00f3viles, tablets, monitores entre otros.<\/p>\n<p>Caracter\u00ed<\/p>\n","protected":false},"excerpt":{"rendered":"<p>Se ajusta autom\u00e1ticamente el voltaje de salida segun la necesidad del dispositivo conectado. El USB-C es el conector de carga de nueva generaci\u00f3n para dispositivos tales como port\u00e1tiles, m\u00f3viles, tablets, monitores entre otros. Caracter\u00ed<\/p>\n","protected":false},"featured_media":11795,"comment_status":"open","ping_status":"closed","template":"","meta":[],"product_cat":[568],"product_tag":[],"class_list":["post-11797","product","type-product","status-publish","has-post-thumbnail","hentry","product_cat-cargadores-universales","thunk-woo-product-list","opn-qv-enable","top-store-woo-hover-","top-store-single-product-tab-horizontal","top-store-shadow-","top-store-shadow-hover-"],"_links":{"self":[{"href":"https:\/\/server.idssoft.net\/idsdemo\/wp-json\/wp\/v2\/product\/11797","targetHints":{"allow":["GET"]}}],"collection":[{"href":"https:\/\/server.idssoft.net\/idsdemo\/wp-json\/wp\/v2\/product"}],"about":[{"href":"https:\/\/server.idssoft.net\/idsdemo\/wp-json\/wp\/v2\/types\/product"}],"replies":[{"embeddable":true,"href":"https:\/\/server.idssoft.net\/idsdemo\/wp-json\/wp\/v2\/comments?post=11797"}],"wp:featuredmedia":[{"embeddable":true,"href":"https:\/\/server.idssoft.net\/idsdemo\/wp-json\/wp\/v2\/media\/11795"}],"wp:attachment":[{"href":"https:\/\/server.idssoft.net\/idsdemo\/wp-json\/wp\/v2\/media?parent=11797"}],"wp:term":[{"taxonomy":"product_cat","embeddable":true,"href":"https:\/\/server.idssoft.net\/idsdemo\/wp-json\/wp\/v2\/product_cat?post=11797"},{"taxonomy":"product_tag","embeddable":true,"href":"https:\/\/server.idssoft.net\/idsdemo\/wp-json\/wp\/v2\/product_tag?post=11797"}],"curies":[{"name":"wp","href":"https:\/\/api.w.org\/{rel}","templated":true}]}}