{"id":11801,"date":"2021-06-23T13:45:20","date_gmt":"2021-06-23T13:45:20","guid":{"rendered":"https:\/\/server.idssoft.net\/idsdemo\/producto\/sandwichera-750w-negra-muvip\/"},"modified":"2021-06-23T13:45:20","modified_gmt":"2021-06-23T13:45:20","slug":"sandwichera-750w-negra-muvip","status":"publish","type":"product","link":"https:\/\/server.idssoft.net\/idsdemo\/producto\/sandwichera-750w-negra-muvip\/","title":{"rendered":"SANDWICHERA 750W NEGRA MUVIP"},"content":{"rendered":"<p>&#8211; Permite hacer dos s\u00e1ndwich al mismo tiempo con un sellado perfecto y un tostado r\u00e1pido y uniforme.<br \/>&#8211; Almacenaje vertical<br \/>&#8211; Clip de cierre para almacenamiento.<br \/>&#8211; F\u00e1cil limpieza<br \/>&#8211; Placas sandwich con corte en el medio.<br \/>&#8211; 750W &lt;b<\/p>\n","protected":false},"excerpt":{"rendered":"<p>&#8211; Permite hacer dos s\u00e1ndwich al mismo tiempo con un sellado perfecto y un tostado r\u00e1pido y uniforme.&#8211; Almacenaje vertical&#8211; Clip de cierre para almacenamiento.&#8211; F\u00e1cil limpieza&#8211; Placas sandwich con corte en el medio.&#8211; 750W &lt;b<\/p>\n","protected":false},"featured_media":11798,"comment_status":"open","ping_status":"closed","template":"","meta":[],"product_cat":[595],"product_tag":[],"class_list":["post-11801","product","type-product","status-publish","has-post-thumbnail","hentry","product_cat-sandwicheras","thunk-woo-product-list","opn-qv-enable","top-store-woo-hover-","top-store-single-product-tab-horizontal","top-store-shadow-","top-store-shadow-hover-"],"_links":{"self":[{"href":"https:\/\/server.idssoft.net\/idsdemo\/wp-json\/wp\/v2\/product\/11801","targetHints":{"allow":["GET"]}}],"collection":[{"href":"https:\/\/server.idssoft.net\/idsdemo\/wp-json\/wp\/v2\/product"}],"about":[{"href":"https:\/\/server.idssoft.net\/idsdemo\/wp-json\/wp\/v2\/types\/product"}],"replies":[{"embeddable":true,"href":"https:\/\/server.idssoft.net\/idsdemo\/wp-json\/wp\/v2\/comments?post=11801"}],"wp:featuredmedia":[{"embeddable":true,"href":"https:\/\/server.idssoft.net\/idsdemo\/wp-json\/wp\/v2\/media\/11798"}],"wp:attachment":[{"href":"https:\/\/server.idssoft.net\/idsdemo\/wp-json\/wp\/v2\/media?parent=11801"}],"wp:term":[{"taxonomy":"product_cat","embeddable":true,"href":"https:\/\/server.idssoft.net\/idsdemo\/wp-json\/wp\/v2\/product_cat?post=11801"},{"taxonomy":"product_tag","embeddable":true,"href":"https:\/\/server.idssoft.net\/idsdemo\/wp-json\/wp\/v2\/product_tag?post=11801"}],"curies":[{"name":"wp","href":"https:\/\/api.w.org\/{rel}","templated":true}]}}