{"id":11807,"date":"2021-06-23T13:45:29","date_gmt":"2021-06-23T13:45:29","guid":{"rendered":"https:\/\/server.idssoft.net\/idsdemo\/producto\/sandwichera-inox-1800w-180o-placas-reversibles-muvip\/"},"modified":"2021-06-23T13:45:29","modified_gmt":"2021-06-23T13:45:29","slug":"sandwichera-inox-1800w-180o-placas-reversibles-muvip","status":"publish","type":"product","link":"https:\/\/server.idssoft.net\/idsdemo\/producto\/sandwichera-inox-1800w-180o-placas-reversibles-muvip\/","title":{"rendered":"SANDWICHERA INOX 1800W 180\u00ba PLACAS REVERSIBLES MUVIP"},"content":{"rendered":"<p>&#8211; Potencia: 1.800W<br \/>&#8211; Apertura hasta 180\u00ba<br \/>&#8211; Placas reversibles (GRILL \/ LISA). Permiten extracci\u00f3n para f\u00e1cil limpieza.<br \/>&#8211; Asas tacto fr\u00edo.<br \/>&#8211; Placa superior basculante para cocci\u00f3n uniforme<br \/>&#8211; 2 pilotos luminosos independientes:<\/p>\n","protected":false},"excerpt":{"rendered":"<p>&#8211; Potencia: 1.800W&#8211; Apertura hasta 180\u00ba&#8211; Placas reversibles (GRILL \/ LISA). Permiten extracci\u00f3n para f\u00e1cil limpieza.&#8211; Asas tacto fr\u00edo.&#8211; Placa superior basculante para cocci\u00f3n uniforme&#8211; 2 pilotos luminosos independientes:<\/p>\n","protected":false},"featured_media":11805,"comment_status":"open","ping_status":"closed","template":"","meta":[],"product_cat":[595],"product_tag":[],"class_list":["post-11807","product","type-product","status-publish","has-post-thumbnail","hentry","product_cat-sandwicheras","thunk-woo-product-list","opn-qv-enable","top-store-woo-hover-","top-store-single-product-tab-horizontal","top-store-shadow-","top-store-shadow-hover-"],"_links":{"self":[{"href":"https:\/\/server.idssoft.net\/idsdemo\/wp-json\/wp\/v2\/product\/11807","targetHints":{"allow":["GET"]}}],"collection":[{"href":"https:\/\/server.idssoft.net\/idsdemo\/wp-json\/wp\/v2\/product"}],"about":[{"href":"https:\/\/server.idssoft.net\/idsdemo\/wp-json\/wp\/v2\/types\/product"}],"replies":[{"embeddable":true,"href":"https:\/\/server.idssoft.net\/idsdemo\/wp-json\/wp\/v2\/comments?post=11807"}],"wp:featuredmedia":[{"embeddable":true,"href":"https:\/\/server.idssoft.net\/idsdemo\/wp-json\/wp\/v2\/media\/11805"}],"wp:attachment":[{"href":"https:\/\/server.idssoft.net\/idsdemo\/wp-json\/wp\/v2\/media?parent=11807"}],"wp:term":[{"taxonomy":"product_cat","embeddable":true,"href":"https:\/\/server.idssoft.net\/idsdemo\/wp-json\/wp\/v2\/product_cat?post=11807"},{"taxonomy":"product_tag","embeddable":true,"href":"https:\/\/server.idssoft.net\/idsdemo\/wp-json\/wp\/v2\/product_tag?post=11807"}],"curies":[{"name":"wp","href":"https:\/\/api.w.org\/{rel}","templated":true}]}}