{"id":11824,"date":"2021-06-23T13:46:00","date_gmt":"2021-06-23T13:46:00","guid":{"rendered":"https:\/\/server.idssoft.net\/idsdemo\/producto\/soporte-universal-smartphone-bw40\/"},"modified":"2021-06-23T13:46:00","modified_gmt":"2021-06-23T13:46:00","slug":"soporte-universal-smartphone-bw40","status":"publish","type":"product","link":"https:\/\/server.idssoft.net\/idsdemo\/producto\/soporte-universal-smartphone-bw40\/","title":{"rendered":"SOPORTE UNIVERSAL SMARTPHONE BW40"},"content":{"rendered":"<p>Comprar Soporte Universal BW40 para MP3, MP4, GPS, m\u00f3viles, PDA, &#8230; Soporte de f\u00e1cil colocaci\u00f3n, pr\u00e1ctico y vers\u00e1til. S\u00f3lo tienes que adaptar el soporte al tama\u00f1o del dispositivo que quieres colocar y a continuaci\u00f3n situarlo en la zona de tu<\/p>\n","protected":false},"excerpt":{"rendered":"<p>Comprar Soporte Universal BW40 para MP3, MP4, GPS, m\u00f3viles, PDA, &#8230; Soporte de f\u00e1cil colocaci\u00f3n, pr\u00e1ctico y vers\u00e1til. S\u00f3lo tienes que adaptar el soporte al tama\u00f1o del dispositivo que quieres colocar y a continuaci\u00f3n situarlo en la zona de tu<\/p>\n","protected":false},"featured_media":11823,"comment_status":"open","ping_status":"closed","template":"","meta":[],"product_cat":[642],"product_tag":[],"class_list":["post-11824","product","type-product","status-publish","has-post-thumbnail","hentry","product_cat-accesorios-smartphone-coche","thunk-woo-product-list","opn-qv-enable","top-store-woo-hover-","top-store-single-product-tab-horizontal","top-store-shadow-","top-store-shadow-hover-"],"_links":{"self":[{"href":"https:\/\/server.idssoft.net\/idsdemo\/wp-json\/wp\/v2\/product\/11824","targetHints":{"allow":["GET"]}}],"collection":[{"href":"https:\/\/server.idssoft.net\/idsdemo\/wp-json\/wp\/v2\/product"}],"about":[{"href":"https:\/\/server.idssoft.net\/idsdemo\/wp-json\/wp\/v2\/types\/product"}],"replies":[{"embeddable":true,"href":"https:\/\/server.idssoft.net\/idsdemo\/wp-json\/wp\/v2\/comments?post=11824"}],"wp:featuredmedia":[{"embeddable":true,"href":"https:\/\/server.idssoft.net\/idsdemo\/wp-json\/wp\/v2\/media\/11823"}],"wp:attachment":[{"href":"https:\/\/server.idssoft.net\/idsdemo\/wp-json\/wp\/v2\/media?parent=11824"}],"wp:term":[{"taxonomy":"product_cat","embeddable":true,"href":"https:\/\/server.idssoft.net\/idsdemo\/wp-json\/wp\/v2\/product_cat?post=11824"},{"taxonomy":"product_tag","embeddable":true,"href":"https:\/\/server.idssoft.net\/idsdemo\/wp-json\/wp\/v2\/product_tag?post=11824"}],"curies":[{"name":"wp","href":"https:\/\/api.w.org\/{rel}","templated":true}]}}