{"id":11845,"date":"2021-06-23T13:46:32","date_gmt":"2021-06-23T13:46:32","guid":{"rendered":"https:\/\/server.idssoft.net\/idsdemo\/producto\/cortador-de-pelo-bateria-muvip\/"},"modified":"2021-06-23T13:46:32","modified_gmt":"2021-06-23T13:46:32","slug":"cortador-de-pelo-bateria-muvip","status":"publish","type":"product","link":"https:\/\/server.idssoft.net\/idsdemo\/producto\/cortador-de-pelo-bateria-muvip\/","title":{"rendered":"CORTADOR DE PELO BATERIA MUVIP"},"content":{"rendered":"<p>Luce el peinado de moda o inv\u00e9ntate un. Con el cortapelos MUVIP t\u00fa ser\u00e1s tu propio peluquero. Est\u00e1 dotado cuchilla de acero inoxidable de alta resistencia para un corte preciso. <\/p>\n<p>Su mango ergon\u00f3mico y su dise\u00f1o sin cables te dar\u00e1n ha<\/p>\n","protected":false},"excerpt":{"rendered":"<p>Luce el peinado de moda o inv\u00e9ntate un. Con el cortapelos MUVIP t\u00fa ser\u00e1s tu propio peluquero. Est\u00e1 dotado cuchilla de acero inoxidable de alta resistencia para un corte preciso. Su mango ergon\u00f3mico y su dise\u00f1o sin cables te dar\u00e1n ha<\/p>\n","protected":false},"featured_media":11842,"comment_status":"open","ping_status":"closed","template":"","meta":[],"product_cat":[509],"product_tag":[],"class_list":["post-11845","product","type-product","status-publish","has-post-thumbnail","hentry","product_cat-cuidado-cabello","thunk-woo-product-list","opn-qv-enable","top-store-woo-hover-","top-store-single-product-tab-horizontal","top-store-shadow-","top-store-shadow-hover-"],"_links":{"self":[{"href":"https:\/\/server.idssoft.net\/idsdemo\/wp-json\/wp\/v2\/product\/11845","targetHints":{"allow":["GET"]}}],"collection":[{"href":"https:\/\/server.idssoft.net\/idsdemo\/wp-json\/wp\/v2\/product"}],"about":[{"href":"https:\/\/server.idssoft.net\/idsdemo\/wp-json\/wp\/v2\/types\/product"}],"replies":[{"embeddable":true,"href":"https:\/\/server.idssoft.net\/idsdemo\/wp-json\/wp\/v2\/comments?post=11845"}],"wp:featuredmedia":[{"embeddable":true,"href":"https:\/\/server.idssoft.net\/idsdemo\/wp-json\/wp\/v2\/media\/11842"}],"wp:attachment":[{"href":"https:\/\/server.idssoft.net\/idsdemo\/wp-json\/wp\/v2\/media?parent=11845"}],"wp:term":[{"taxonomy":"product_cat","embeddable":true,"href":"https:\/\/server.idssoft.net\/idsdemo\/wp-json\/wp\/v2\/product_cat?post=11845"},{"taxonomy":"product_tag","embeddable":true,"href":"https:\/\/server.idssoft.net\/idsdemo\/wp-json\/wp\/v2\/product_tag?post=11845"}],"curies":[{"name":"wp","href":"https:\/\/api.w.org\/{rel}","templated":true}]}}