{"id":11849,"date":"2021-06-23T13:46:38","date_gmt":"2021-06-23T13:46:38","guid":{"rendered":"https:\/\/server.idssoft.net\/idsdemo\/producto\/cortador-de-pelo-electrico-muvip\/"},"modified":"2021-06-23T13:46:38","modified_gmt":"2021-06-23T13:46:38","slug":"cortador-de-pelo-electrico-muvip","status":"publish","type":"product","link":"https:\/\/server.idssoft.net\/idsdemo\/producto\/cortador-de-pelo-electrico-muvip\/","title":{"rendered":"CORTADOR DE PELO EL\u00c9CTRICO MUVIP"},"content":{"rendered":"<p>Tu aspecto es muy importante, as\u00ed que no dejes escapar el cortapelos MUVIP, un pr\u00e1ctico compa\u00f1ero, con el que conseguir\u00e1s el peinado que siempre has querido, con toda facilidad. Contar\u00e1s con 4 medidas para unos acabados perfectos.<\/p>\n<p>Prepar<\/p>\n","protected":false},"excerpt":{"rendered":"<p>Tu aspecto es muy importante, as\u00ed que no dejes escapar el cortapelos MUVIP, un pr\u00e1ctico compa\u00f1ero, con el que conseguir\u00e1s el peinado que siempre has querido, con toda facilidad. Contar\u00e1s con 4 medidas para unos acabados perfectos. Prepar<\/p>\n","protected":false},"featured_media":11846,"comment_status":"open","ping_status":"closed","template":"","meta":[],"product_cat":[509],"product_tag":[],"class_list":["post-11849","product","type-product","status-publish","has-post-thumbnail","hentry","product_cat-cuidado-cabello","thunk-woo-product-list","opn-qv-enable","top-store-woo-hover-","top-store-single-product-tab-horizontal","top-store-shadow-","top-store-shadow-hover-"],"_links":{"self":[{"href":"https:\/\/server.idssoft.net\/idsdemo\/wp-json\/wp\/v2\/product\/11849","targetHints":{"allow":["GET"]}}],"collection":[{"href":"https:\/\/server.idssoft.net\/idsdemo\/wp-json\/wp\/v2\/product"}],"about":[{"href":"https:\/\/server.idssoft.net\/idsdemo\/wp-json\/wp\/v2\/types\/product"}],"replies":[{"embeddable":true,"href":"https:\/\/server.idssoft.net\/idsdemo\/wp-json\/wp\/v2\/comments?post=11849"}],"wp:featuredmedia":[{"embeddable":true,"href":"https:\/\/server.idssoft.net\/idsdemo\/wp-json\/wp\/v2\/media\/11846"}],"wp:attachment":[{"href":"https:\/\/server.idssoft.net\/idsdemo\/wp-json\/wp\/v2\/media?parent=11849"}],"wp:term":[{"taxonomy":"product_cat","embeddable":true,"href":"https:\/\/server.idssoft.net\/idsdemo\/wp-json\/wp\/v2\/product_cat?post=11849"},{"taxonomy":"product_tag","embeddable":true,"href":"https:\/\/server.idssoft.net\/idsdemo\/wp-json\/wp\/v2\/product_tag?post=11849"}],"curies":[{"name":"wp","href":"https:\/\/api.w.org\/{rel}","templated":true}]}}