{"id":11853,"date":"2021-06-23T13:46:43","date_gmt":"2021-06-23T13:46:43","guid":{"rendered":"https:\/\/server.idssoft.net\/idsdemo\/producto\/plancha-de-pelo-ceramica-muvip-2\/"},"modified":"2021-06-23T13:46:43","modified_gmt":"2021-06-23T13:46:43","slug":"plancha-de-pelo-ceramica-muvip-2","status":"publish","type":"product","link":"https:\/\/server.idssoft.net\/idsdemo\/producto\/plancha-de-pelo-ceramica-muvip-2\/","title":{"rendered":"PLANCHA DE PELO CER\u00c1MICA MUVIP"},"content":{"rendered":"<p>Un pelo perfecto solo lo conseguir\u00e1s con la plancha de pelo MUVIP. Sus placas cer\u00e1micas, te garantizar\u00e1n un cabello m\u00e1s sano y brillante, con cada uso, permiti\u00e9ndote lucir un aspecto inmejorable.<\/p>\n<p>Liso perfecto.<br \/>Gracias al selector de<\/p>\n","protected":false},"excerpt":{"rendered":"<p>Un pelo perfecto solo lo conseguir\u00e1s con la plancha de pelo MUVIP. Sus placas cer\u00e1micas, te garantizar\u00e1n un cabello m\u00e1s sano y brillante, con cada uso, permiti\u00e9ndote lucir un aspecto inmejorable. Liso perfecto.Gracias al selector de<\/p>\n","protected":false},"featured_media":11850,"comment_status":"open","ping_status":"closed","template":"","meta":[],"product_cat":[509],"product_tag":[],"class_list":["post-11853","product","type-product","status-publish","has-post-thumbnail","hentry","product_cat-cuidado-cabello","thunk-woo-product-list","opn-qv-enable","top-store-woo-hover-","top-store-single-product-tab-horizontal","top-store-shadow-","top-store-shadow-hover-"],"_links":{"self":[{"href":"https:\/\/server.idssoft.net\/idsdemo\/wp-json\/wp\/v2\/product\/11853","targetHints":{"allow":["GET"]}}],"collection":[{"href":"https:\/\/server.idssoft.net\/idsdemo\/wp-json\/wp\/v2\/product"}],"about":[{"href":"https:\/\/server.idssoft.net\/idsdemo\/wp-json\/wp\/v2\/types\/product"}],"replies":[{"embeddable":true,"href":"https:\/\/server.idssoft.net\/idsdemo\/wp-json\/wp\/v2\/comments?post=11853"}],"wp:featuredmedia":[{"embeddable":true,"href":"https:\/\/server.idssoft.net\/idsdemo\/wp-json\/wp\/v2\/media\/11850"}],"wp:attachment":[{"href":"https:\/\/server.idssoft.net\/idsdemo\/wp-json\/wp\/v2\/media?parent=11853"}],"wp:term":[{"taxonomy":"product_cat","embeddable":true,"href":"https:\/\/server.idssoft.net\/idsdemo\/wp-json\/wp\/v2\/product_cat?post=11853"},{"taxonomy":"product_tag","embeddable":true,"href":"https:\/\/server.idssoft.net\/idsdemo\/wp-json\/wp\/v2\/product_tag?post=11853"}],"curies":[{"name":"wp","href":"https:\/\/api.w.org\/{rel}","templated":true}]}}