{"id":11869,"date":"2021-06-23T13:47:12","date_gmt":"2021-06-23T13:47:12","guid":{"rendered":"https:\/\/server.idssoft.net\/idsdemo\/producto\/mando-a-distancia-universal-samsung-lg-sony-directo-con-smar\/"},"modified":"2021-06-23T13:47:12","modified_gmt":"2021-06-23T13:47:12","slug":"mando-a-distancia-universal-samsung-lg-sony-directo-con-smar","status":"publish","type":"product","link":"https:\/\/server.idssoft.net\/idsdemo\/producto\/mando-a-distancia-universal-samsung-lg-sony-directo-con-smar\/","title":{"rendered":"MANDO A DISTANCIA UNIVERSAL SAMSUNG-LG-SONY DIRECTO CON SMAR"},"content":{"rendered":"<p>&#8211; Mando a distancia universal compatible con la mayor\u00eda de las marcas del mercado. <br \/>&#8211; Combina hasta cuatro aparatos en uno (TV, DVD, Blu-Ray, Sat\u00e9lite)<br \/>&#8211; Dise\u00f1o ergon\u00f3mico.<br \/>&#8211; Cuenta con botones para pantallas 3D, Smart TV, Amazon, Netf<\/p>\n","protected":false},"excerpt":{"rendered":"<p>&#8211; Mando a distancia universal compatible con la mayor\u00eda de las marcas del mercado. &#8211; Combina hasta cuatro aparatos en uno (TV, DVD, Blu-Ray, Sat\u00e9lite)&#8211; Dise\u00f1o ergon\u00f3mico.&#8211; Cuenta con botones para pantallas 3D, Smart TV, Amazon, Netf<\/p>\n","protected":false},"featured_media":11867,"comment_status":"open","ping_status":"closed","template":"","meta":[],"product_cat":[639],"product_tag":[],"class_list":["post-11869","product","type-product","status-publish","has-post-thumbnail","hentry","product_cat-receptores-y-accesorios","thunk-woo-product-list","opn-qv-enable","top-store-woo-hover-","top-store-single-product-tab-horizontal","top-store-shadow-","top-store-shadow-hover-"],"_links":{"self":[{"href":"https:\/\/server.idssoft.net\/idsdemo\/wp-json\/wp\/v2\/product\/11869","targetHints":{"allow":["GET"]}}],"collection":[{"href":"https:\/\/server.idssoft.net\/idsdemo\/wp-json\/wp\/v2\/product"}],"about":[{"href":"https:\/\/server.idssoft.net\/idsdemo\/wp-json\/wp\/v2\/types\/product"}],"replies":[{"embeddable":true,"href":"https:\/\/server.idssoft.net\/idsdemo\/wp-json\/wp\/v2\/comments?post=11869"}],"wp:featuredmedia":[{"embeddable":true,"href":"https:\/\/server.idssoft.net\/idsdemo\/wp-json\/wp\/v2\/media\/11867"}],"wp:attachment":[{"href":"https:\/\/server.idssoft.net\/idsdemo\/wp-json\/wp\/v2\/media?parent=11869"}],"wp:term":[{"taxonomy":"product_cat","embeddable":true,"href":"https:\/\/server.idssoft.net\/idsdemo\/wp-json\/wp\/v2\/product_cat?post=11869"},{"taxonomy":"product_tag","embeddable":true,"href":"https:\/\/server.idssoft.net\/idsdemo\/wp-json\/wp\/v2\/product_tag?post=11869"}],"curies":[{"name":"wp","href":"https:\/\/api.w.org\/{rel}","templated":true}]}}