{"id":11871,"date":"2021-06-23T13:47:16","date_gmt":"2021-06-23T13:47:16","guid":{"rendered":"https:\/\/server.idssoft.net\/idsdemo\/producto\/cable-mini-jack-hembra-a-rca-macho-20cm-cromad\/"},"modified":"2021-06-23T13:47:16","modified_gmt":"2021-06-23T13:47:16","slug":"cable-mini-jack-hembra-a-rca-macho-20cm-cromad","status":"publish","type":"product","link":"https:\/\/server.idssoft.net\/idsdemo\/producto\/cable-mini-jack-hembra-a-rca-macho-20cm-cromad\/","title":{"rendered":"CABLE MINI JACK HEMBRA A RCA MACHO 20CM CROMAD"},"content":{"rendered":"<p>Este cable adaptador de audio est\u00e9reo con conector de 3.5 mm a RCA puede usarse para conectar dispositivos como un reproductor MP3 o un tel\u00e9fono m\u00f3vil a un set de auriculares o amplificador.  <\/p>\n","protected":false},"excerpt":{"rendered":"<p>Este cable adaptador de audio est\u00e9reo con conector de 3.5 mm a RCA puede usarse para conectar dispositivos como un reproductor MP3 o un tel\u00e9fono m\u00f3vil a un set de auriculares o amplificador.<\/p>\n","protected":false},"featured_media":11870,"comment_status":"open","ping_status":"closed","template":"","meta":[],"product_cat":[563],"product_tag":[],"class_list":["post-11871","product","type-product","status-publish","has-post-thumbnail","hentry","product_cat-cables-audio-video","thunk-woo-product-list","opn-qv-enable","top-store-woo-hover-","top-store-single-product-tab-horizontal","top-store-shadow-","top-store-shadow-hover-"],"_links":{"self":[{"href":"https:\/\/server.idssoft.net\/idsdemo\/wp-json\/wp\/v2\/product\/11871","targetHints":{"allow":["GET"]}}],"collection":[{"href":"https:\/\/server.idssoft.net\/idsdemo\/wp-json\/wp\/v2\/product"}],"about":[{"href":"https:\/\/server.idssoft.net\/idsdemo\/wp-json\/wp\/v2\/types\/product"}],"replies":[{"embeddable":true,"href":"https:\/\/server.idssoft.net\/idsdemo\/wp-json\/wp\/v2\/comments?post=11871"}],"wp:featuredmedia":[{"embeddable":true,"href":"https:\/\/server.idssoft.net\/idsdemo\/wp-json\/wp\/v2\/media\/11870"}],"wp:attachment":[{"href":"https:\/\/server.idssoft.net\/idsdemo\/wp-json\/wp\/v2\/media?parent=11871"}],"wp:term":[{"taxonomy":"product_cat","embeddable":true,"href":"https:\/\/server.idssoft.net\/idsdemo\/wp-json\/wp\/v2\/product_cat?post=11871"},{"taxonomy":"product_tag","embeddable":true,"href":"https:\/\/server.idssoft.net\/idsdemo\/wp-json\/wp\/v2\/product_tag?post=11871"}],"curies":[{"name":"wp","href":"https:\/\/api.w.org\/{rel}","templated":true}]}}