{"id":11892,"date":"2021-06-23T13:47:50","date_gmt":"2021-06-23T13:47:50","guid":{"rendered":"https:\/\/server.idssoft.net\/idsdemo\/producto\/telefono-movil-alcatel-10-66d-1-8-2gb-4mb-cam-dual\/"},"modified":"2021-06-23T13:47:50","modified_gmt":"2021-06-23T13:47:50","slug":"telefono-movil-alcatel-10-66d-1-8-2gb-4mb-cam-dual","status":"publish","type":"product","link":"https:\/\/server.idssoft.net\/idsdemo\/producto\/telefono-movil-alcatel-10-66d-1-8-2gb-4mb-cam-dual\/","title":{"rendered":"TELEFONO MOVIL ALCATEL 10.66D | 1.8 | 2GB | 4MB | CAM | DUAL"},"content":{"rendered":"<p>PANTALLA<br \/>QQVGA de 1,8 pulgadas, 128 x 160 p\u00edxeles<br \/>Pantalla TFT color 262 K<br \/>C\u00c1MARA<br \/>C\u00e1mara de 0,08 MP<br \/>Captura de v\u00eddeo: HVGA a 14 fps<br \/>Reproducci\u00f3n de v\u00eddeo: WVGA a 25 fps<br \/>MEMORIA<br \/>Agenda del tel\u00e9fono &#8211; 500 entradas&lt;<\/p>\n","protected":false},"excerpt":{"rendered":"<p>PANTALLAQQVGA de 1,8 pulgadas, 128 x 160 p\u00edxelesPantalla TFT color 262 KC\u00c1MARAC\u00e1mara de 0,08 MPCaptura de v\u00eddeo: HVGA a 14 fpsReproducci\u00f3n de v\u00eddeo: WVGA a 25 fpsMEMORIAAgenda del tel\u00e9fono &#8211; 500 entradas&lt;<\/p>\n","protected":false},"featured_media":11890,"comment_status":"open","ping_status":"closed","template":"","meta":[],"product_cat":[489],"product_tag":[],"class_list":["post-11892","product","type-product","status-publish","has-post-thumbnail","hentry","product_cat-telefonia-movil-gama-baja","thunk-woo-product-list","opn-qv-enable","top-store-woo-hover-","top-store-single-product-tab-horizontal","top-store-shadow-","top-store-shadow-hover-"],"_links":{"self":[{"href":"https:\/\/server.idssoft.net\/idsdemo\/wp-json\/wp\/v2\/product\/11892","targetHints":{"allow":["GET"]}}],"collection":[{"href":"https:\/\/server.idssoft.net\/idsdemo\/wp-json\/wp\/v2\/product"}],"about":[{"href":"https:\/\/server.idssoft.net\/idsdemo\/wp-json\/wp\/v2\/types\/product"}],"replies":[{"embeddable":true,"href":"https:\/\/server.idssoft.net\/idsdemo\/wp-json\/wp\/v2\/comments?post=11892"}],"wp:featuredmedia":[{"embeddable":true,"href":"https:\/\/server.idssoft.net\/idsdemo\/wp-json\/wp\/v2\/media\/11890"}],"wp:attachment":[{"href":"https:\/\/server.idssoft.net\/idsdemo\/wp-json\/wp\/v2\/media?parent=11892"}],"wp:term":[{"taxonomy":"product_cat","embeddable":true,"href":"https:\/\/server.idssoft.net\/idsdemo\/wp-json\/wp\/v2\/product_cat?post=11892"},{"taxonomy":"product_tag","embeddable":true,"href":"https:\/\/server.idssoft.net\/idsdemo\/wp-json\/wp\/v2\/product_tag?post=11892"}],"curies":[{"name":"wp","href":"https:\/\/api.w.org\/{rel}","templated":true}]}}