{"id":11894,"date":"2021-06-23T13:47:54","date_gmt":"2021-06-23T13:47:54","guid":{"rendered":"https:\/\/server.idssoft.net\/idsdemo\/producto\/raton-optico-logitech-m185-wireless-azul\/"},"modified":"2021-06-23T13:47:54","modified_gmt":"2021-06-23T13:47:54","slug":"raton-optico-logitech-m185-wireless-azul","status":"publish","type":"product","link":"https:\/\/server.idssoft.net\/idsdemo\/producto\/raton-optico-logitech-m185-wireless-azul\/","title":{"rendered":"RATON OPTICO LOGITECH M185 WIRELESS AZUL"},"content":{"rendered":"<p>Logitech M185. Interfaz del dispositivo: RF inal\u00e1mbrico, Tecnolog\u00eda de detecci\u00f3n de movimientos: \u00d3ptico, Uso recomendado: Port\u00e1til. Color del producto: Azul, Interfaz de receptor inal\u00e1mbrico: USB, Tipo de receptor: Nano. Tipo de bater\u00eda: AA. Si<\/p>\n","protected":false},"excerpt":{"rendered":"<p>Logitech M185. Interfaz del dispositivo: RF inal\u00e1mbrico, Tecnolog\u00eda de detecci\u00f3n de movimientos: \u00d3ptico, Uso recomendado: Port\u00e1til. Color del producto: Azul, Interfaz de receptor inal\u00e1mbrico: USB, Tipo de receptor: Nano. Tipo de bater\u00eda: AA. Si<\/p>\n","protected":false},"featured_media":11893,"comment_status":"open","ping_status":"closed","template":"","meta":[],"product_cat":[480],"product_tag":[],"class_list":["post-11894","product","type-product","status-publish","has-post-thumbnail","hentry","product_cat-ratones","thunk-woo-product-list","opn-qv-enable","top-store-woo-hover-","top-store-single-product-tab-horizontal","top-store-shadow-","top-store-shadow-hover-"],"_links":{"self":[{"href":"https:\/\/server.idssoft.net\/idsdemo\/wp-json\/wp\/v2\/product\/11894","targetHints":{"allow":["GET"]}}],"collection":[{"href":"https:\/\/server.idssoft.net\/idsdemo\/wp-json\/wp\/v2\/product"}],"about":[{"href":"https:\/\/server.idssoft.net\/idsdemo\/wp-json\/wp\/v2\/types\/product"}],"replies":[{"embeddable":true,"href":"https:\/\/server.idssoft.net\/idsdemo\/wp-json\/wp\/v2\/comments?post=11894"}],"wp:featuredmedia":[{"embeddable":true,"href":"https:\/\/server.idssoft.net\/idsdemo\/wp-json\/wp\/v2\/media\/11893"}],"wp:attachment":[{"href":"https:\/\/server.idssoft.net\/idsdemo\/wp-json\/wp\/v2\/media?parent=11894"}],"wp:term":[{"taxonomy":"product_cat","embeddable":true,"href":"https:\/\/server.idssoft.net\/idsdemo\/wp-json\/wp\/v2\/product_cat?post=11894"},{"taxonomy":"product_tag","embeddable":true,"href":"https:\/\/server.idssoft.net\/idsdemo\/wp-json\/wp\/v2\/product_tag?post=11894"}],"curies":[{"name":"wp","href":"https:\/\/api.w.org\/{rel}","templated":true}]}}