{"id":11896,"date":"2021-06-23T13:47:58","date_gmt":"2021-06-23T13:47:58","guid":{"rendered":"https:\/\/server.idssoft.net\/idsdemo\/producto\/raton-optico-logitech-m185-wireless-negro\/"},"modified":"2021-06-23T13:47:58","modified_gmt":"2021-06-23T13:47:58","slug":"raton-optico-logitech-m185-wireless-negro","status":"publish","type":"product","link":"https:\/\/server.idssoft.net\/idsdemo\/producto\/raton-optico-logitech-m185-wireless-negro\/","title":{"rendered":"RATON OPTICO LOGITECH M185 WIRELESS NEGRO"},"content":{"rendered":"<p>Sencillo y fiable rat\u00f3n inal\u00e1mbrico de f\u00e1cil conexi\u00f3n.<\/p>\n<p>Conexi\u00f3n inal\u00e1mbrica fiable.<br \/>Sin retrasos ni interrupciones. El min\u00fasculo receptor inal\u00e1mbrico proporciona una conexi\u00f3n de confianza.<\/p>\n<p>Dispositivo de alimentaci\u00f3n pa<\/p>\n","protected":false},"excerpt":{"rendered":"<p>Sencillo y fiable rat\u00f3n inal\u00e1mbrico de f\u00e1cil conexi\u00f3n. Conexi\u00f3n inal\u00e1mbrica fiable.Sin retrasos ni interrupciones. El min\u00fasculo receptor inal\u00e1mbrico proporciona una conexi\u00f3n de confianza. Dispositivo de alimentaci\u00f3n pa<\/p>\n","protected":false},"featured_media":11895,"comment_status":"open","ping_status":"closed","template":"","meta":[],"product_cat":[480],"product_tag":[],"class_list":["post-11896","product","type-product","status-publish","has-post-thumbnail","hentry","product_cat-ratones","thunk-woo-product-list","opn-qv-enable","top-store-woo-hover-","top-store-single-product-tab-horizontal","top-store-shadow-","top-store-shadow-hover-"],"_links":{"self":[{"href":"https:\/\/server.idssoft.net\/idsdemo\/wp-json\/wp\/v2\/product\/11896","targetHints":{"allow":["GET"]}}],"collection":[{"href":"https:\/\/server.idssoft.net\/idsdemo\/wp-json\/wp\/v2\/product"}],"about":[{"href":"https:\/\/server.idssoft.net\/idsdemo\/wp-json\/wp\/v2\/types\/product"}],"replies":[{"embeddable":true,"href":"https:\/\/server.idssoft.net\/idsdemo\/wp-json\/wp\/v2\/comments?post=11896"}],"wp:featuredmedia":[{"embeddable":true,"href":"https:\/\/server.idssoft.net\/idsdemo\/wp-json\/wp\/v2\/media\/11895"}],"wp:attachment":[{"href":"https:\/\/server.idssoft.net\/idsdemo\/wp-json\/wp\/v2\/media?parent=11896"}],"wp:term":[{"taxonomy":"product_cat","embeddable":true,"href":"https:\/\/server.idssoft.net\/idsdemo\/wp-json\/wp\/v2\/product_cat?post=11896"},{"taxonomy":"product_tag","embeddable":true,"href":"https:\/\/server.idssoft.net\/idsdemo\/wp-json\/wp\/v2\/product_tag?post=11896"}],"curies":[{"name":"wp","href":"https:\/\/api.w.org\/{rel}","templated":true}]}}