{"id":11898,"date":"2021-06-23T13:48:02","date_gmt":"2021-06-23T13:48:02","guid":{"rendered":"https:\/\/server.idssoft.net\/idsdemo\/producto\/raton-inalambrico-logitech-m170-negro-gris-2-4ghz-nano-r\/"},"modified":"2021-06-23T13:48:02","modified_gmt":"2021-06-23T13:48:02","slug":"raton-inalambrico-logitech-m170-negro-gris-2-4ghz-nano-r","status":"publish","type":"product","link":"https:\/\/server.idssoft.net\/idsdemo\/producto\/raton-inalambrico-logitech-m170-negro-gris-2-4ghz-nano-r\/","title":{"rendered":"RATON INAL\u00c1MBRICO LOGITECH M170 NEGRO\/GRIS &#8211; 2.4GHZ &#8211; NANO R"},"content":{"rendered":"<p>Tecnolog\u00eda inal\u00e1mbrica fiable a 2,4 Ghz<\/p>\n<p>S\u00f3lida conexi\u00f3n inal\u00e1mbrica estable a distancias de hasta 10 metros (33 ft). Sin apenas retrasos ni interferencias, el juego y el trabajo ser\u00e1n m\u00e1s previsibles.<br \/>Pruebas realizadas a una di<\/p>\n","protected":false},"excerpt":{"rendered":"<p>Tecnolog\u00eda inal\u00e1mbrica fiable a 2,4 Ghz S\u00f3lida conexi\u00f3n inal\u00e1mbrica estable a distancias de hasta 10 metros (33 ft). Sin apenas retrasos ni interferencias, el juego y el trabajo ser\u00e1n m\u00e1s previsibles.Pruebas realizadas a una di<\/p>\n","protected":false},"featured_media":11897,"comment_status":"open","ping_status":"closed","template":"","meta":[],"product_cat":[480],"product_tag":[],"class_list":["post-11898","product","type-product","status-publish","has-post-thumbnail","hentry","product_cat-ratones","thunk-woo-product-list","opn-qv-enable","top-store-woo-hover-","top-store-single-product-tab-horizontal","top-store-shadow-","top-store-shadow-hover-"],"_links":{"self":[{"href":"https:\/\/server.idssoft.net\/idsdemo\/wp-json\/wp\/v2\/product\/11898","targetHints":{"allow":["GET"]}}],"collection":[{"href":"https:\/\/server.idssoft.net\/idsdemo\/wp-json\/wp\/v2\/product"}],"about":[{"href":"https:\/\/server.idssoft.net\/idsdemo\/wp-json\/wp\/v2\/types\/product"}],"replies":[{"embeddable":true,"href":"https:\/\/server.idssoft.net\/idsdemo\/wp-json\/wp\/v2\/comments?post=11898"}],"wp:featuredmedia":[{"embeddable":true,"href":"https:\/\/server.idssoft.net\/idsdemo\/wp-json\/wp\/v2\/media\/11897"}],"wp:attachment":[{"href":"https:\/\/server.idssoft.net\/idsdemo\/wp-json\/wp\/v2\/media?parent=11898"}],"wp:term":[{"taxonomy":"product_cat","embeddable":true,"href":"https:\/\/server.idssoft.net\/idsdemo\/wp-json\/wp\/v2\/product_cat?post=11898"},{"taxonomy":"product_tag","embeddable":true,"href":"https:\/\/server.idssoft.net\/idsdemo\/wp-json\/wp\/v2\/product_tag?post=11898"}],"curies":[{"name":"wp","href":"https:\/\/api.w.org\/{rel}","templated":true}]}}