{"id":11901,"date":"2021-06-23T13:48:07","date_gmt":"2021-06-23T13:48:07","guid":{"rendered":"https:\/\/server.idssoft.net\/idsdemo\/producto\/alfombrilla-spirit-of-gamer-blue-smokey-skull-xl-43-532-3\/"},"modified":"2021-06-23T13:48:07","modified_gmt":"2021-06-23T13:48:07","slug":"alfombrilla-spirit-of-gamer-blue-smokey-skull-xl-43-532-3","status":"publish","type":"product","link":"https:\/\/server.idssoft.net\/idsdemo\/producto\/alfombrilla-spirit-of-gamer-blue-smokey-skull-xl-43-532-3\/","title":{"rendered":"ALFOMBRILLA SPIRIT OF GAMER BLUE SMOKEY SKULL XL &#8211; 43.5*32.3"},"content":{"rendered":"<p>Compatibilidad con ratones \u00f3pticos y laser<br \/>Tama\u00f1o -XL &#8211;<br \/>Dise\u00f1o Blue Smokey Skull<br \/>Textura ultrafina para movimientos precisos del rat\u00f3n.<br \/>Base de goma antideslizante<br \/>Dimensiones 43.5 x 32.3 cm<br \/>Espesor 3 mm.<br \/>Peso 270 g.  &lt;<\/p>\n","protected":false},"excerpt":{"rendered":"<p>Compatibilidad con ratones \u00f3pticos y laserTama\u00f1o -XL &#8211;Dise\u00f1o Blue Smokey SkullTextura ultrafina para movimientos precisos del rat\u00f3n.Base de goma antideslizanteDimensiones 43.5 x 32.3 cmEspesor 3 mm.Peso 270 g. &lt;<\/p>\n","protected":false},"featured_media":11899,"comment_status":"open","ping_status":"closed","template":"","meta":[],"product_cat":[461],"product_tag":[],"class_list":["post-11901","product","type-product","status-publish","has-post-thumbnail","hentry","product_cat-teclados-y-ratones-gaming","thunk-woo-product-list","opn-qv-enable","top-store-woo-hover-","top-store-single-product-tab-horizontal","top-store-shadow-","top-store-shadow-hover-"],"_links":{"self":[{"href":"https:\/\/server.idssoft.net\/idsdemo\/wp-json\/wp\/v2\/product\/11901","targetHints":{"allow":["GET"]}}],"collection":[{"href":"https:\/\/server.idssoft.net\/idsdemo\/wp-json\/wp\/v2\/product"}],"about":[{"href":"https:\/\/server.idssoft.net\/idsdemo\/wp-json\/wp\/v2\/types\/product"}],"replies":[{"embeddable":true,"href":"https:\/\/server.idssoft.net\/idsdemo\/wp-json\/wp\/v2\/comments?post=11901"}],"wp:featuredmedia":[{"embeddable":true,"href":"https:\/\/server.idssoft.net\/idsdemo\/wp-json\/wp\/v2\/media\/11899"}],"wp:attachment":[{"href":"https:\/\/server.idssoft.net\/idsdemo\/wp-json\/wp\/v2\/media?parent=11901"}],"wp:term":[{"taxonomy":"product_cat","embeddable":true,"href":"https:\/\/server.idssoft.net\/idsdemo\/wp-json\/wp\/v2\/product_cat?post=11901"},{"taxonomy":"product_tag","embeddable":true,"href":"https:\/\/server.idssoft.net\/idsdemo\/wp-json\/wp\/v2\/product_tag?post=11901"}],"curies":[{"name":"wp","href":"https:\/\/api.w.org\/{rel}","templated":true}]}}