{"id":11907,"date":"2021-06-23T13:48:16","date_gmt":"2021-06-23T13:48:16","guid":{"rendered":"https:\/\/server.idssoft.net\/idsdemo\/producto\/alfombrilla-spirit-of-gamer-winged-skull-blue-tamano-m-296\/"},"modified":"2021-06-23T13:48:16","modified_gmt":"2021-06-23T13:48:16","slug":"alfombrilla-spirit-of-gamer-winged-skull-blue-tamano-m-296","status":"publish","type":"product","link":"https:\/\/server.idssoft.net\/idsdemo\/producto\/alfombrilla-spirit-of-gamer-winged-skull-blue-tamano-m-296\/","title":{"rendered":"ALFOMBRILLA SPIRIT OF GAMER WINGED SKULL BLUE TAMA\u00d1O M &#8211; 296"},"content":{"rendered":"<p>Dise\u00f1ado para jugadores profesionales y casuales que buscan velocidad, fluidez y precisi\u00f3n en todas las fases del juego<br \/>Gamer M alfombrillas de rat\u00f3n ofrece un nuevo espacio para el puntero del rat\u00f3n, incluso con una sensibilidad extrema.<\/p>\n","protected":false},"excerpt":{"rendered":"<p>Dise\u00f1ado para jugadores profesionales y casuales que buscan velocidad, fluidez y precisi\u00f3n en todas las fases del juegoGamer M alfombrillas de rat\u00f3n ofrece un nuevo espacio para el puntero del rat\u00f3n, incluso con una sensibilidad extrema.<\/p>\n","protected":false},"featured_media":11905,"comment_status":"open","ping_status":"closed","template":"","meta":[],"product_cat":[461],"product_tag":[],"class_list":["post-11907","product","type-product","status-publish","has-post-thumbnail","hentry","product_cat-teclados-y-ratones-gaming","thunk-woo-product-list","opn-qv-enable","top-store-woo-hover-","top-store-single-product-tab-horizontal","top-store-shadow-","top-store-shadow-hover-"],"_links":{"self":[{"href":"https:\/\/server.idssoft.net\/idsdemo\/wp-json\/wp\/v2\/product\/11907","targetHints":{"allow":["GET"]}}],"collection":[{"href":"https:\/\/server.idssoft.net\/idsdemo\/wp-json\/wp\/v2\/product"}],"about":[{"href":"https:\/\/server.idssoft.net\/idsdemo\/wp-json\/wp\/v2\/types\/product"}],"replies":[{"embeddable":true,"href":"https:\/\/server.idssoft.net\/idsdemo\/wp-json\/wp\/v2\/comments?post=11907"}],"wp:featuredmedia":[{"embeddable":true,"href":"https:\/\/server.idssoft.net\/idsdemo\/wp-json\/wp\/v2\/media\/11905"}],"wp:attachment":[{"href":"https:\/\/server.idssoft.net\/idsdemo\/wp-json\/wp\/v2\/media?parent=11907"}],"wp:term":[{"taxonomy":"product_cat","embeddable":true,"href":"https:\/\/server.idssoft.net\/idsdemo\/wp-json\/wp\/v2\/product_cat?post=11907"},{"taxonomy":"product_tag","embeddable":true,"href":"https:\/\/server.idssoft.net\/idsdemo\/wp-json\/wp\/v2\/product_tag?post=11907"}],"curies":[{"name":"wp","href":"https:\/\/api.w.org\/{rel}","templated":true}]}}