{"id":11916,"date":"2021-06-23T13:48:33","date_gmt":"2021-06-23T13:48:33","guid":{"rendered":"https:\/\/server.idssoft.net\/idsdemo\/producto\/horno-25-litros-1500w-inox-muvip\/"},"modified":"2021-06-23T13:48:33","modified_gmt":"2021-06-23T13:48:33","slug":"horno-25-litros-1500w-inox-muvip","status":"publish","type":"product","link":"https:\/\/server.idssoft.net\/idsdemo\/producto\/horno-25-litros-1500w-inox-muvip\/","title":{"rendered":"HORNO 25 LITROS 1500W INOX MUVIP"},"content":{"rendered":"<p>&#8211; Potencia: 1500W<br \/>&#8211; Capacidad: 25 litros<br \/>&#8211; Cuerpo de acero inoxidable<br \/>&#8211; Selector de tiempo: 60 minutos con apagado autom\u00e1tico y timbre.<br \/>&#8211; Funci\u00f3n convecci\u00f3n.<br \/>&#8211; Iluminaci\u00f3n interior.<br \/>&#8211; Puerta de cristal templado con as<\/p>\n","protected":false},"excerpt":{"rendered":"<p>&#8211; Potencia: 1500W&#8211; Capacidad: 25 litros&#8211; Cuerpo de acero inoxidable&#8211; Selector de tiempo: 60 minutos con apagado autom\u00e1tico y timbre.&#8211; Funci\u00f3n convecci\u00f3n.&#8211; Iluminaci\u00f3n interior.&#8211; Puerta de cristal templado con as<\/p>\n","protected":false},"featured_media":11914,"comment_status":"open","ping_status":"closed","template":"","meta":[],"product_cat":[577],"product_tag":[],"class_list":["post-11916","product","type-product","status-publish","has-post-thumbnail","hentry","product_cat-hornos-microondas","thunk-woo-product-list","opn-qv-enable","top-store-woo-hover-","top-store-single-product-tab-horizontal","top-store-shadow-","top-store-shadow-hover-"],"_links":{"self":[{"href":"https:\/\/server.idssoft.net\/idsdemo\/wp-json\/wp\/v2\/product\/11916","targetHints":{"allow":["GET"]}}],"collection":[{"href":"https:\/\/server.idssoft.net\/idsdemo\/wp-json\/wp\/v2\/product"}],"about":[{"href":"https:\/\/server.idssoft.net\/idsdemo\/wp-json\/wp\/v2\/types\/product"}],"replies":[{"embeddable":true,"href":"https:\/\/server.idssoft.net\/idsdemo\/wp-json\/wp\/v2\/comments?post=11916"}],"wp:featuredmedia":[{"embeddable":true,"href":"https:\/\/server.idssoft.net\/idsdemo\/wp-json\/wp\/v2\/media\/11914"}],"wp:attachment":[{"href":"https:\/\/server.idssoft.net\/idsdemo\/wp-json\/wp\/v2\/media?parent=11916"}],"wp:term":[{"taxonomy":"product_cat","embeddable":true,"href":"https:\/\/server.idssoft.net\/idsdemo\/wp-json\/wp\/v2\/product_cat?post=11916"},{"taxonomy":"product_tag","embeddable":true,"href":"https:\/\/server.idssoft.net\/idsdemo\/wp-json\/wp\/v2\/product_tag?post=11916"}],"curies":[{"name":"wp","href":"https:\/\/api.w.org\/{rel}","templated":true}]}}