{"id":11922,"date":"2021-06-23T13:48:42","date_gmt":"2021-06-23T13:48:42","guid":{"rendered":"https:\/\/server.idssoft.net\/idsdemo\/producto\/earbuds-tws-v10-touch-bluetooth-blancos-coolsound\/"},"modified":"2021-06-23T13:48:42","modified_gmt":"2021-06-23T13:48:42","slug":"earbuds-tws-v10-touch-bluetooth-blancos-coolsound","status":"publish","type":"product","link":"https:\/\/server.idssoft.net\/idsdemo\/producto\/earbuds-tws-v10-touch-bluetooth-blancos-coolsound\/","title":{"rendered":"EARBUDS TWS V10 TOUCH BLUETOOTH BLANCOS COOLSOUND"},"content":{"rendered":"<p>Los Earbuds V10 de COOLSOUND ya est\u00e1n aqu\u00ed. Olv\u00eddate del cable. Incorporan caja cargador. Compatibles con IOS, ANDROID y cualquier dispositivo con bluetooth. Con la funci\u00f3n de manos libres puede responder \/ rechazar una llamada entrante simplement<\/p>\n","protected":false},"excerpt":{"rendered":"<p>Los Earbuds V10 de COOLSOUND ya est\u00e1n aqu\u00ed. Olv\u00eddate del cable. Incorporan caja cargador. Compatibles con IOS, ANDROID y cualquier dispositivo con bluetooth. Con la funci\u00f3n de manos libres puede responder \/ rechazar una llamada entrante simplement<\/p>\n","protected":false},"featured_media":11920,"comment_status":"open","ping_status":"closed","template":"","meta":[],"product_cat":[477],"product_tag":[],"class_list":["post-11922","product","type-product","status-publish","has-post-thumbnail","hentry","product_cat-auriculares-bluetooth-tws","thunk-woo-product-list","opn-qv-enable","top-store-woo-hover-","top-store-single-product-tab-horizontal","top-store-shadow-","top-store-shadow-hover-"],"_links":{"self":[{"href":"https:\/\/server.idssoft.net\/idsdemo\/wp-json\/wp\/v2\/product\/11922","targetHints":{"allow":["GET"]}}],"collection":[{"href":"https:\/\/server.idssoft.net\/idsdemo\/wp-json\/wp\/v2\/product"}],"about":[{"href":"https:\/\/server.idssoft.net\/idsdemo\/wp-json\/wp\/v2\/types\/product"}],"replies":[{"embeddable":true,"href":"https:\/\/server.idssoft.net\/idsdemo\/wp-json\/wp\/v2\/comments?post=11922"}],"wp:featuredmedia":[{"embeddable":true,"href":"https:\/\/server.idssoft.net\/idsdemo\/wp-json\/wp\/v2\/media\/11920"}],"wp:attachment":[{"href":"https:\/\/server.idssoft.net\/idsdemo\/wp-json\/wp\/v2\/media?parent=11922"}],"wp:term":[{"taxonomy":"product_cat","embeddable":true,"href":"https:\/\/server.idssoft.net\/idsdemo\/wp-json\/wp\/v2\/product_cat?post=11922"},{"taxonomy":"product_tag","embeddable":true,"href":"https:\/\/server.idssoft.net\/idsdemo\/wp-json\/wp\/v2\/product_tag?post=11922"}],"curies":[{"name":"wp","href":"https:\/\/api.w.org\/{rel}","templated":true}]}}