{"id":11932,"date":"2021-06-23T13:49:00","date_gmt":"2021-06-23T13:49:00","guid":{"rendered":"https:\/\/server.idssoft.net\/idsdemo\/producto\/go-kart-racing-para-hoverboard-cromad\/"},"modified":"2021-06-23T13:49:00","modified_gmt":"2021-06-23T13:49:00","slug":"go-kart-racing-para-hoverboard-cromad","status":"publish","type":"product","link":"https:\/\/server.idssoft.net\/idsdemo\/producto\/go-kart-racing-para-hoverboard-cromad\/","title":{"rendered":"GO KART RACING PARA HOVERBOARD CROMAD"},"content":{"rendered":"<p>&#8211; Compatible con todos los tama\u00f1os de Hoverboard<br \/>&#8211; Ajuste de longitud 110 &#8211; 130 cm<br \/>&#8211; Velocidad m\u00e1xima: 15km\/h<br \/>&#8211; Freno de disco<br \/>&#8211; Peso m\u00e1ximo soportado: 100Kgs<br \/>&#8211; Peso m\u00ednimo: 20Kg<br \/>&#8211; Recomendado para mayores de 8 a\u00f1os.<br \/>&#8211;<\/p>\n","protected":false},"excerpt":{"rendered":"<p>&#8211; Compatible con todos los tama\u00f1os de Hoverboard&#8211; Ajuste de longitud 110 &#8211; 130 cm&#8211; Velocidad m\u00e1xima: 15km\/h&#8211; Freno de disco&#8211; Peso m\u00e1ximo soportado: 100Kgs&#8211; Peso m\u00ednimo: 20Kg&#8211; Recomendado para mayores de 8 a\u00f1os.&#8211;<\/p>\n","protected":false},"featured_media":11930,"comment_status":"open","ping_status":"closed","template":"","meta":[],"product_cat":[462],"product_tag":[],"class_list":["post-11932","product","type-product","status-publish","has-post-thumbnail","hentry","product_cat-patinetes-y-accesorios","thunk-woo-product-list","opn-qv-enable","top-store-woo-hover-","top-store-single-product-tab-horizontal","top-store-shadow-","top-store-shadow-hover-"],"_links":{"self":[{"href":"https:\/\/server.idssoft.net\/idsdemo\/wp-json\/wp\/v2\/product\/11932","targetHints":{"allow":["GET"]}}],"collection":[{"href":"https:\/\/server.idssoft.net\/idsdemo\/wp-json\/wp\/v2\/product"}],"about":[{"href":"https:\/\/server.idssoft.net\/idsdemo\/wp-json\/wp\/v2\/types\/product"}],"replies":[{"embeddable":true,"href":"https:\/\/server.idssoft.net\/idsdemo\/wp-json\/wp\/v2\/comments?post=11932"}],"wp:featuredmedia":[{"embeddable":true,"href":"https:\/\/server.idssoft.net\/idsdemo\/wp-json\/wp\/v2\/media\/11930"}],"wp:attachment":[{"href":"https:\/\/server.idssoft.net\/idsdemo\/wp-json\/wp\/v2\/media?parent=11932"}],"wp:term":[{"taxonomy":"product_cat","embeddable":true,"href":"https:\/\/server.idssoft.net\/idsdemo\/wp-json\/wp\/v2\/product_cat?post=11932"},{"taxonomy":"product_tag","embeddable":true,"href":"https:\/\/server.idssoft.net\/idsdemo\/wp-json\/wp\/v2\/product_tag?post=11932"}],"curies":[{"name":"wp","href":"https:\/\/api.w.org\/{rel}","templated":true}]}}