{"id":11947,"date":"2021-06-23T13:49:23","date_gmt":"2021-06-23T13:49:23","guid":{"rendered":"https:\/\/server.idssoft.net\/idsdemo\/producto\/reductor-de-gas-butano-30mbar-muvip\/"},"modified":"2021-06-23T13:49:23","modified_gmt":"2021-06-23T13:49:23","slug":"reductor-de-gas-butano-30mbar-muvip","status":"publish","type":"product","link":"https:\/\/server.idssoft.net\/idsdemo\/producto\/reductor-de-gas-butano-30mbar-muvip\/","title":{"rendered":"REDUCTOR DE GAS BUTANO 30MBAR MUVIP"},"content":{"rendered":"<p>&#8211; Uso para bombona butano \/ propano<br \/>&#8211; Presi\u00f3n de salida: 30mbar<br \/>&#8211; Boquilla para manguera de 8mm de di\u00e1metro<br \/>&#8211; Conexi\u00f3n de entrada de 20mm<br \/>&#8211; 50 Unidades por caja  <\/p>\n","protected":false},"excerpt":{"rendered":"<p>&#8211; Uso para bombona butano \/ propano&#8211; Presi\u00f3n de salida: 30mbar&#8211; Boquilla para manguera de 8mm de di\u00e1metro&#8211; Conexi\u00f3n de entrada de 20mm&#8211; 50 Unidades por caja<\/p>\n","protected":false},"featured_media":11945,"comment_status":"open","ping_status":"closed","template":"","meta":[],"product_cat":[575],"product_tag":[],"class_list":["post-11947","product","type-product","status-publish","has-post-thumbnail","hentry","product_cat-cocinas-de-gas","thunk-woo-product-list","opn-qv-enable","top-store-woo-hover-","top-store-single-product-tab-horizontal","top-store-shadow-","top-store-shadow-hover-"],"_links":{"self":[{"href":"https:\/\/server.idssoft.net\/idsdemo\/wp-json\/wp\/v2\/product\/11947","targetHints":{"allow":["GET"]}}],"collection":[{"href":"https:\/\/server.idssoft.net\/idsdemo\/wp-json\/wp\/v2\/product"}],"about":[{"href":"https:\/\/server.idssoft.net\/idsdemo\/wp-json\/wp\/v2\/types\/product"}],"replies":[{"embeddable":true,"href":"https:\/\/server.idssoft.net\/idsdemo\/wp-json\/wp\/v2\/comments?post=11947"}],"wp:featuredmedia":[{"embeddable":true,"href":"https:\/\/server.idssoft.net\/idsdemo\/wp-json\/wp\/v2\/media\/11945"}],"wp:attachment":[{"href":"https:\/\/server.idssoft.net\/idsdemo\/wp-json\/wp\/v2\/media?parent=11947"}],"wp:term":[{"taxonomy":"product_cat","embeddable":true,"href":"https:\/\/server.idssoft.net\/idsdemo\/wp-json\/wp\/v2\/product_cat?post=11947"},{"taxonomy":"product_tag","embeddable":true,"href":"https:\/\/server.idssoft.net\/idsdemo\/wp-json\/wp\/v2\/product_tag?post=11947"}],"curies":[{"name":"wp","href":"https:\/\/api.w.org\/{rel}","templated":true}]}}