{"id":11950,"date":"2021-06-23T13:49:28","date_gmt":"2021-06-23T13:49:28","guid":{"rendered":"https:\/\/server.idssoft.net\/idsdemo\/producto\/raton-inalambrico-mars-gaming-mmw-dpi-800-1600-3200-ilum\/"},"modified":"2021-06-23T13:49:28","modified_gmt":"2021-06-23T13:49:28","slug":"raton-inalambrico-mars-gaming-mmw-dpi-800-1600-3200-ilum","status":"publish","type":"product","link":"https:\/\/server.idssoft.net\/idsdemo\/producto\/raton-inalambrico-mars-gaming-mmw-dpi-800-1600-3200-ilum\/","title":{"rendered":"RATON INAL\u00c1MBRICO MARS GAMING MMW &#8211; DPI 800\/1600\/3200 &#8211; ILUM"},"content":{"rendered":"<p>ILUMINACI\u00d3N RGB FLOW<br \/>El rat\u00f3n MMW cuenta con amplias bandas LED que emiten un efecto RGB Flow autom\u00e1tico constante, mezclando los colores y ofreci\u00e9ndote un look din\u00e1mico que estiliza tu escritorio y encaja en cualquier setup gaming.<\/p>\n","protected":false},"excerpt":{"rendered":"<p>ILUMINACI\u00d3N RGB FLOWEl rat\u00f3n MMW cuenta con amplias bandas LED que emiten un efecto RGB Flow autom\u00e1tico constante, mezclando los colores y ofreci\u00e9ndote un look din\u00e1mico que estiliza tu escritorio y encaja en cualquier setup gaming.<\/p>\n","protected":false},"featured_media":11948,"comment_status":"open","ping_status":"closed","template":"","meta":[],"product_cat":[461],"product_tag":[],"class_list":["post-11950","product","type-product","status-publish","has-post-thumbnail","hentry","product_cat-teclados-y-ratones-gaming","thunk-woo-product-list","opn-qv-enable","top-store-woo-hover-","top-store-single-product-tab-horizontal","top-store-shadow-","top-store-shadow-hover-"],"_links":{"self":[{"href":"https:\/\/server.idssoft.net\/idsdemo\/wp-json\/wp\/v2\/product\/11950","targetHints":{"allow":["GET"]}}],"collection":[{"href":"https:\/\/server.idssoft.net\/idsdemo\/wp-json\/wp\/v2\/product"}],"about":[{"href":"https:\/\/server.idssoft.net\/idsdemo\/wp-json\/wp\/v2\/types\/product"}],"replies":[{"embeddable":true,"href":"https:\/\/server.idssoft.net\/idsdemo\/wp-json\/wp\/v2\/comments?post=11950"}],"wp:featuredmedia":[{"embeddable":true,"href":"https:\/\/server.idssoft.net\/idsdemo\/wp-json\/wp\/v2\/media\/11948"}],"wp:attachment":[{"href":"https:\/\/server.idssoft.net\/idsdemo\/wp-json\/wp\/v2\/media?parent=11950"}],"wp:term":[{"taxonomy":"product_cat","embeddable":true,"href":"https:\/\/server.idssoft.net\/idsdemo\/wp-json\/wp\/v2\/product_cat?post=11950"},{"taxonomy":"product_tag","embeddable":true,"href":"https:\/\/server.idssoft.net\/idsdemo\/wp-json\/wp\/v2\/product_tag?post=11950"}],"curies":[{"name":"wp","href":"https:\/\/api.w.org\/{rel}","templated":true}]}}