{"id":11952,"date":"2021-06-23T13:49:33","date_gmt":"2021-06-23T13:49:33","guid":{"rendered":"https:\/\/server.idssoft.net\/idsdemo\/producto\/raton-spirit-of-gamer-pro-m4-800-1200-2400-3200dpi-8-bot\/"},"modified":"2021-06-23T13:49:33","modified_gmt":"2021-06-23T13:49:33","slug":"raton-spirit-of-gamer-pro-m4-800-1200-2400-3200dpi-8-bot","status":"publish","type":"product","link":"https:\/\/server.idssoft.net\/idsdemo\/producto\/raton-spirit-of-gamer-pro-m4-800-1200-2400-3200dpi-8-bot\/","title":{"rendered":"RATON SPIRIT OF GAMER PRO-M4 &#8211; 800\/1200\/2400\/3200DPI &#8211; 8 BOT"},"content":{"rendered":"<p>INTERFAZ<br \/>Modelo con cable S\u00ed<br \/>Interfaz: USB 2.0<br \/>ERGONOM\u00cdA<br \/>N\u00famero de botones programables 8 botones<br \/>Tipo de rueda Rueda de desplazamiento<br \/>Almohadillas antideslizantes de tefl\u00f3n<br \/>ARENA DE JUEGO<br \/>Aceleraci\u00f3n 8 G<br \/>Bot?<\/p>\n","protected":false},"excerpt":{"rendered":"<p>INTERFAZModelo con cable S\u00edInterfaz: USB 2.0ERGONOM\u00cdAN\u00famero de botones programables 8 botonesTipo de rueda Rueda de desplazamientoAlmohadillas antideslizantes de tefl\u00f3nARENA DE JUEGOAceleraci\u00f3n 8 GBot?<\/p>\n","protected":false},"featured_media":11951,"comment_status":"open","ping_status":"closed","template":"","meta":[],"product_cat":[461],"product_tag":[],"class_list":["post-11952","product","type-product","status-publish","has-post-thumbnail","hentry","product_cat-teclados-y-ratones-gaming","thunk-woo-product-list","opn-qv-enable","top-store-woo-hover-","top-store-single-product-tab-horizontal","top-store-shadow-","top-store-shadow-hover-"],"_links":{"self":[{"href":"https:\/\/server.idssoft.net\/idsdemo\/wp-json\/wp\/v2\/product\/11952","targetHints":{"allow":["GET"]}}],"collection":[{"href":"https:\/\/server.idssoft.net\/idsdemo\/wp-json\/wp\/v2\/product"}],"about":[{"href":"https:\/\/server.idssoft.net\/idsdemo\/wp-json\/wp\/v2\/types\/product"}],"replies":[{"embeddable":true,"href":"https:\/\/server.idssoft.net\/idsdemo\/wp-json\/wp\/v2\/comments?post=11952"}],"wp:featuredmedia":[{"embeddable":true,"href":"https:\/\/server.idssoft.net\/idsdemo\/wp-json\/wp\/v2\/media\/11951"}],"wp:attachment":[{"href":"https:\/\/server.idssoft.net\/idsdemo\/wp-json\/wp\/v2\/media?parent=11952"}],"wp:term":[{"taxonomy":"product_cat","embeddable":true,"href":"https:\/\/server.idssoft.net\/idsdemo\/wp-json\/wp\/v2\/product_cat?post=11952"},{"taxonomy":"product_tag","embeddable":true,"href":"https:\/\/server.idssoft.net\/idsdemo\/wp-json\/wp\/v2\/product_tag?post=11952"}],"curies":[{"name":"wp","href":"https:\/\/api.w.org\/{rel}","templated":true}]}}