{"id":11954,"date":"2021-06-23T13:49:37","date_gmt":"2021-06-23T13:49:37","guid":{"rendered":"https:\/\/server.idssoft.net\/idsdemo\/producto\/telefono-de-sobremesa-o-pared-compacto-spc-telecom-3601-blan\/"},"modified":"2021-06-23T13:49:37","modified_gmt":"2021-06-23T13:49:37","slug":"telefono-de-sobremesa-o-pared-compacto-spc-telecom-3601-blan","status":"publish","type":"product","link":"https:\/\/server.idssoft.net\/idsdemo\/producto\/telefono-de-sobremesa-o-pared-compacto-spc-telecom-3601-blan\/","title":{"rendered":"TEL\u00c9FONO DE SOBREMESA O PARED COMPACTO SPC TELECOM 3601 BLAN"},"content":{"rendered":"<p>El SPCtelecom 3601 es un divertido tel\u00e9fono con un teclado muy grande para facilitar la marcaci\u00f3n. Como a\u00f1adadido el tel\u00e9fono dispone de un sistema de sujecci\u00f3n para colocarlo tanto en una mesa como en una pared.<\/p>\n<p>De entre sus carac<\/p>\n","protected":false},"excerpt":{"rendered":"<p>El SPCtelecom 3601 es un divertido tel\u00e9fono con un teclado muy grande para facilitar la marcaci\u00f3n. Como a\u00f1adadido el tel\u00e9fono dispone de un sistema de sujecci\u00f3n para colocarlo tanto en una mesa como en una pared. De entre sus carac<\/p>\n","protected":false},"featured_media":11953,"comment_status":"open","ping_status":"closed","template":"","meta":[],"product_cat":[487],"product_tag":[],"class_list":["post-11954","product","type-product","status-publish","has-post-thumbnail","hentry","product_cat-telefona-fija-sobremesa","thunk-woo-product-list","opn-qv-enable","top-store-woo-hover-","top-store-single-product-tab-horizontal","top-store-shadow-","top-store-shadow-hover-"],"_links":{"self":[{"href":"https:\/\/server.idssoft.net\/idsdemo\/wp-json\/wp\/v2\/product\/11954","targetHints":{"allow":["GET"]}}],"collection":[{"href":"https:\/\/server.idssoft.net\/idsdemo\/wp-json\/wp\/v2\/product"}],"about":[{"href":"https:\/\/server.idssoft.net\/idsdemo\/wp-json\/wp\/v2\/types\/product"}],"replies":[{"embeddable":true,"href":"https:\/\/server.idssoft.net\/idsdemo\/wp-json\/wp\/v2\/comments?post=11954"}],"wp:featuredmedia":[{"embeddable":true,"href":"https:\/\/server.idssoft.net\/idsdemo\/wp-json\/wp\/v2\/media\/11953"}],"wp:attachment":[{"href":"https:\/\/server.idssoft.net\/idsdemo\/wp-json\/wp\/v2\/media?parent=11954"}],"wp:term":[{"taxonomy":"product_cat","embeddable":true,"href":"https:\/\/server.idssoft.net\/idsdemo\/wp-json\/wp\/v2\/product_cat?post=11954"},{"taxonomy":"product_tag","embeddable":true,"href":"https:\/\/server.idssoft.net\/idsdemo\/wp-json\/wp\/v2\/product_tag?post=11954"}],"curies":[{"name":"wp","href":"https:\/\/api.w.org\/{rel}","templated":true}]}}