{"id":11959,"date":"2021-06-23T13:49:46","date_gmt":"2021-06-23T13:49:46","guid":{"rendered":"https:\/\/server.idssoft.net\/idsdemo\/producto\/raton-mars-gaming-mrm0-optico-cambio-alta-velocidad-ha\/"},"modified":"2021-06-23T13:49:46","modified_gmt":"2021-06-23T13:49:46","slug":"raton-mars-gaming-mrm0-optico-cambio-alta-velocidad-ha","status":"publish","type":"product","link":"https:\/\/server.idssoft.net\/idsdemo\/producto\/raton-mars-gaming-mrm0-optico-cambio-alta-velocidad-ha\/","title":{"rendered":"RAT\u00d3N MARS GAMING MRM0 &#8211; \u00d3PTICO &#8211; CAMBIO ALTA VELOCIDAD &#8211; HA"},"content":{"rendered":"<p>El rat\u00f3n MRM0 combina el m\u00e1ximo confort y un rendimiento extremogracias a su exclusivo dise\u00f1o con iluminaci\u00f3n RGB flow y a sussensor \u00f3ptico de hasta 4000 DPI.<\/p>\n<p>DISE\u00d1O Y COMODIDAD<br \/>En Mars Gaming sabemos que el dise\u00f1o es esencial, por<\/p>\n","protected":false},"excerpt":{"rendered":"<p>El rat\u00f3n MRM0 combina el m\u00e1ximo confort y un rendimiento extremogracias a su exclusivo dise\u00f1o con iluminaci\u00f3n RGB flow y a sussensor \u00f3ptico de hasta 4000 DPI. DISE\u00d1O Y COMODIDADEn Mars Gaming sabemos que el dise\u00f1o es esencial, por<\/p>\n","protected":false},"featured_media":11957,"comment_status":"open","ping_status":"closed","template":"","meta":[],"product_cat":[461],"product_tag":[],"class_list":["post-11959","product","type-product","status-publish","has-post-thumbnail","hentry","product_cat-teclados-y-ratones-gaming","thunk-woo-product-list","opn-qv-enable","top-store-woo-hover-","top-store-single-product-tab-horizontal","top-store-shadow-","top-store-shadow-hover-"],"_links":{"self":[{"href":"https:\/\/server.idssoft.net\/idsdemo\/wp-json\/wp\/v2\/product\/11959","targetHints":{"allow":["GET"]}}],"collection":[{"href":"https:\/\/server.idssoft.net\/idsdemo\/wp-json\/wp\/v2\/product"}],"about":[{"href":"https:\/\/server.idssoft.net\/idsdemo\/wp-json\/wp\/v2\/types\/product"}],"replies":[{"embeddable":true,"href":"https:\/\/server.idssoft.net\/idsdemo\/wp-json\/wp\/v2\/comments?post=11959"}],"wp:featuredmedia":[{"embeddable":true,"href":"https:\/\/server.idssoft.net\/idsdemo\/wp-json\/wp\/v2\/media\/11957"}],"wp:attachment":[{"href":"https:\/\/server.idssoft.net\/idsdemo\/wp-json\/wp\/v2\/media?parent=11959"}],"wp:term":[{"taxonomy":"product_cat","embeddable":true,"href":"https:\/\/server.idssoft.net\/idsdemo\/wp-json\/wp\/v2\/product_cat?post=11959"},{"taxonomy":"product_tag","embeddable":true,"href":"https:\/\/server.idssoft.net\/idsdemo\/wp-json\/wp\/v2\/product_tag?post=11959"}],"curies":[{"name":"wp","href":"https:\/\/api.w.org\/{rel}","templated":true}]}}