{"id":11965,"date":"2021-06-23T13:49:56","date_gmt":"2021-06-23T13:49:56","guid":{"rendered":"https:\/\/server.idssoft.net\/idsdemo\/producto\/teclado-gaming-spirit-of-gamer-pro-k5-sp-retroiluminacion\/"},"modified":"2021-06-23T13:49:56","modified_gmt":"2021-06-23T13:49:56","slug":"teclado-gaming-spirit-of-gamer-pro-k5-sp-retroiluminacion","status":"publish","type":"product","link":"https:\/\/server.idssoft.net\/idsdemo\/producto\/teclado-gaming-spirit-of-gamer-pro-k5-sp-retroiluminacion\/","title":{"rendered":"TECLADO GAMING SPIRIT OF GAMER PRO-K5 SP &#8211; RETROILUMINACI\u00d3N"},"content":{"rendered":"<p>104 teclas grabadas con l\u00e1ser<br \/>12 accesos directos (combinaci\u00f3n de teclas para acceder a funciones multimedia)<br \/>19 teclas antighosting<br \/>Retroiluminaci\u00f3n RGB multicolor<br \/>Brillo ajustable &#8211; modo respiraci\u00f3n<br \/>Se puede desactivas la tec<\/p>\n","protected":false},"excerpt":{"rendered":"<p>104 teclas grabadas con l\u00e1ser12 accesos directos (combinaci\u00f3n de teclas para acceder a funciones multimedia)19 teclas antighostingRetroiluminaci\u00f3n RGB multicolorBrillo ajustable &#8211; modo respiraci\u00f3nSe puede desactivas la tec<\/p>\n","protected":false},"featured_media":11963,"comment_status":"open","ping_status":"closed","template":"","meta":[],"product_cat":[461],"product_tag":[],"class_list":["post-11965","product","type-product","status-publish","has-post-thumbnail","hentry","product_cat-teclados-y-ratones-gaming","thunk-woo-product-list","opn-qv-enable","top-store-woo-hover-","top-store-single-product-tab-horizontal","top-store-shadow-","top-store-shadow-hover-"],"_links":{"self":[{"href":"https:\/\/server.idssoft.net\/idsdemo\/wp-json\/wp\/v2\/product\/11965","targetHints":{"allow":["GET"]}}],"collection":[{"href":"https:\/\/server.idssoft.net\/idsdemo\/wp-json\/wp\/v2\/product"}],"about":[{"href":"https:\/\/server.idssoft.net\/idsdemo\/wp-json\/wp\/v2\/types\/product"}],"replies":[{"embeddable":true,"href":"https:\/\/server.idssoft.net\/idsdemo\/wp-json\/wp\/v2\/comments?post=11965"}],"wp:featuredmedia":[{"embeddable":true,"href":"https:\/\/server.idssoft.net\/idsdemo\/wp-json\/wp\/v2\/media\/11963"}],"wp:attachment":[{"href":"https:\/\/server.idssoft.net\/idsdemo\/wp-json\/wp\/v2\/media?parent=11965"}],"wp:term":[{"taxonomy":"product_cat","embeddable":true,"href":"https:\/\/server.idssoft.net\/idsdemo\/wp-json\/wp\/v2\/product_cat?post=11965"},{"taxonomy":"product_tag","embeddable":true,"href":"https:\/\/server.idssoft.net\/idsdemo\/wp-json\/wp\/v2\/product_tag?post=11965"}],"curies":[{"name":"wp","href":"https:\/\/api.w.org\/{rel}","templated":true}]}}