{"id":11968,"date":"2021-06-23T13:50:01","date_gmt":"2021-06-23T13:50:01","guid":{"rendered":"https:\/\/server.idssoft.net\/idsdemo\/producto\/reloj-inteligente-con-localizador-para-ninos-wskids-1-44\/"},"modified":"2021-06-23T13:50:01","modified_gmt":"2021-06-23T13:50:01","slug":"reloj-inteligente-con-localizador-para-ninos-wskids-1-44","status":"publish","type":"product","link":"https:\/\/server.idssoft.net\/idsdemo\/producto\/reloj-inteligente-con-localizador-para-ninos-wskids-1-44\/","title":{"rendered":"RELOJ INTELIGENTE CON LOCALIZADOR PARA NI\u00d1OS WSKIDS | 1.44 |"},"content":{"rendered":"<p>&#8211; Pantalla 1.44&#034; (128&#215;128)<br \/>&#8211; Bater\u00eda: 400mAh, 2 horas para cargarlo, 70 horas standby<br \/>&#8211; C\u00e1mara 0.8Mpx<br \/>&#8211; Aconsejo para ni\u00f1os de 3 a 12 a\u00f1os<br \/>&#8211; IP67 a prueba de agua<br \/>&#8211; Compatible con posicionamiento LBS<br \/>&#8211; Marcaci\u00f3n<\/p>\n","protected":false},"excerpt":{"rendered":"<p>&#8211; Pantalla 1.44&#034; (128&#215;128)&#8211; Bater\u00eda: 400mAh, 2 horas para cargarlo, 70 horas standby&#8211; C\u00e1mara 0.8Mpx&#8211; Aconsejo para ni\u00f1os de 3 a 12 a\u00f1os&#8211; IP67 a prueba de agua&#8211; Compatible con posicionamiento LBS&#8211; Marcaci\u00f3n<\/p>\n","protected":false},"featured_media":11966,"comment_status":"open","ping_status":"closed","template":"","meta":[],"product_cat":[492],"product_tag":[],"class_list":["post-11968","product","type-product","status-publish","has-post-thumbnail","hentry","product_cat-smartwatch-pulseras","thunk-woo-product-list","opn-qv-enable","top-store-woo-hover-","top-store-single-product-tab-horizontal","top-store-shadow-","top-store-shadow-hover-"],"_links":{"self":[{"href":"https:\/\/server.idssoft.net\/idsdemo\/wp-json\/wp\/v2\/product\/11968","targetHints":{"allow":["GET"]}}],"collection":[{"href":"https:\/\/server.idssoft.net\/idsdemo\/wp-json\/wp\/v2\/product"}],"about":[{"href":"https:\/\/server.idssoft.net\/idsdemo\/wp-json\/wp\/v2\/types\/product"}],"replies":[{"embeddable":true,"href":"https:\/\/server.idssoft.net\/idsdemo\/wp-json\/wp\/v2\/comments?post=11968"}],"wp:featuredmedia":[{"embeddable":true,"href":"https:\/\/server.idssoft.net\/idsdemo\/wp-json\/wp\/v2\/media\/11966"}],"wp:attachment":[{"href":"https:\/\/server.idssoft.net\/idsdemo\/wp-json\/wp\/v2\/media?parent=11968"}],"wp:term":[{"taxonomy":"product_cat","embeddable":true,"href":"https:\/\/server.idssoft.net\/idsdemo\/wp-json\/wp\/v2\/product_cat?post=11968"},{"taxonomy":"product_tag","embeddable":true,"href":"https:\/\/server.idssoft.net\/idsdemo\/wp-json\/wp\/v2\/product_tag?post=11968"}],"curies":[{"name":"wp","href":"https:\/\/api.w.org\/{rel}","templated":true}]}}