{"id":12000,"date":"2021-06-23T13:51:01","date_gmt":"2021-06-23T13:51:01","guid":{"rendered":"https:\/\/server.idssoft.net\/idsdemo\/producto\/telefono-dect-gigaset-a170-marron-lcd-1-5-funcion-alarma\/"},"modified":"2021-06-23T13:51:01","modified_gmt":"2021-06-23T13:51:01","slug":"telefono-dect-gigaset-a170-marron-lcd-1-5-funcion-alarma","status":"publish","type":"product","link":"https:\/\/server.idssoft.net\/idsdemo\/producto\/telefono-dect-gigaset-a170-marron-lcd-1-5-funcion-alarma\/","title":{"rendered":"TEL\u00c9FONO DECT GIGASET A170 MARRON | LCD 1.5 | FUNCION ALARMA"},"content":{"rendered":"<p>El tel\u00e9fono que satisface todas sus necesidades de comunicaci\u00f3n &#8211; sencillo y asequible.<br \/>Descubra el Gigaset A170.  Es un tel\u00e9fono inal\u00e1mbrico sencillo y fiable con calidad &#034;Made in Germany&#034;. Presenta tecl\u00e1s f\u00e1ciles de usar con puntos<\/p>\n","protected":false},"excerpt":{"rendered":"<p>El tel\u00e9fono que satisface todas sus necesidades de comunicaci\u00f3n &#8211; sencillo y asequible.Descubra el Gigaset A170. Es un tel\u00e9fono inal\u00e1mbrico sencillo y fiable con calidad &#034;Made in Germany&#034;. Presenta tecl\u00e1s f\u00e1ciles de usar con puntos<\/p>\n","protected":false},"featured_media":11998,"comment_status":"open","ping_status":"closed","template":"","meta":[],"product_cat":[488],"product_tag":[],"class_list":["post-12000","product","type-product","status-publish","has-post-thumbnail","hentry","product_cat-telefonia-fija-inalmbrica","thunk-woo-product-list","opn-qv-enable","top-store-woo-hover-","top-store-single-product-tab-horizontal","top-store-shadow-","top-store-shadow-hover-"],"_links":{"self":[{"href":"https:\/\/server.idssoft.net\/idsdemo\/wp-json\/wp\/v2\/product\/12000","targetHints":{"allow":["GET"]}}],"collection":[{"href":"https:\/\/server.idssoft.net\/idsdemo\/wp-json\/wp\/v2\/product"}],"about":[{"href":"https:\/\/server.idssoft.net\/idsdemo\/wp-json\/wp\/v2\/types\/product"}],"replies":[{"embeddable":true,"href":"https:\/\/server.idssoft.net\/idsdemo\/wp-json\/wp\/v2\/comments?post=12000"}],"wp:featuredmedia":[{"embeddable":true,"href":"https:\/\/server.idssoft.net\/idsdemo\/wp-json\/wp\/v2\/media\/11998"}],"wp:attachment":[{"href":"https:\/\/server.idssoft.net\/idsdemo\/wp-json\/wp\/v2\/media?parent=12000"}],"wp:term":[{"taxonomy":"product_cat","embeddable":true,"href":"https:\/\/server.idssoft.net\/idsdemo\/wp-json\/wp\/v2\/product_cat?post=12000"},{"taxonomy":"product_tag","embeddable":true,"href":"https:\/\/server.idssoft.net\/idsdemo\/wp-json\/wp\/v2\/product_tag?post=12000"}],"curies":[{"name":"wp","href":"https:\/\/api.w.org\/{rel}","templated":true}]}}