{"id":12002,"date":"2021-06-23T13:51:05","date_gmt":"2021-06-23T13:51:05","guid":{"rendered":"https:\/\/server.idssoft.net\/idsdemo\/producto\/telefono-dect-gigaset-a170-rojo-lcd-1-5-funcion-alarma\/"},"modified":"2021-06-23T13:51:05","modified_gmt":"2021-06-23T13:51:05","slug":"telefono-dect-gigaset-a170-rojo-lcd-1-5-funcion-alarma","status":"publish","type":"product","link":"https:\/\/server.idssoft.net\/idsdemo\/producto\/telefono-dect-gigaset-a170-rojo-lcd-1-5-funcion-alarma\/","title":{"rendered":"TEL\u00c9FONO DECT GIGASET A170 ROJO | LCD 1.5 | FUNCION ALARMA"},"content":{"rendered":"<p>Plug and Play.<br \/>Control de las funciones v\u00eda men\u00fa.<br \/>Agenda: 50 nombres y n\u00fameros.<br \/>Autonom\u00eda: 18 h. en conv. \/ 200 h. en espera.<br \/>Identificaci\u00f3n de llamada (nombre y n\u00famero).<br \/>N\u00fameros marcados, rellamada \u00faltimos 10 n\u00fameros marc<\/p>\n","protected":false},"excerpt":{"rendered":"<p>Plug and Play.Control de las funciones v\u00eda men\u00fa.Agenda: 50 nombres y n\u00fameros.Autonom\u00eda: 18 h. en conv. \/ 200 h. en espera.Identificaci\u00f3n de llamada (nombre y n\u00famero).N\u00fameros marcados, rellamada \u00faltimos 10 n\u00fameros marc<\/p>\n","protected":false},"featured_media":12001,"comment_status":"open","ping_status":"closed","template":"","meta":[],"product_cat":[488],"product_tag":[],"class_list":["post-12002","product","type-product","status-publish","has-post-thumbnail","hentry","product_cat-telefonia-fija-inalmbrica","thunk-woo-product-list","opn-qv-enable","top-store-woo-hover-","top-store-single-product-tab-horizontal","top-store-shadow-","top-store-shadow-hover-"],"_links":{"self":[{"href":"https:\/\/server.idssoft.net\/idsdemo\/wp-json\/wp\/v2\/product\/12002","targetHints":{"allow":["GET"]}}],"collection":[{"href":"https:\/\/server.idssoft.net\/idsdemo\/wp-json\/wp\/v2\/product"}],"about":[{"href":"https:\/\/server.idssoft.net\/idsdemo\/wp-json\/wp\/v2\/types\/product"}],"replies":[{"embeddable":true,"href":"https:\/\/server.idssoft.net\/idsdemo\/wp-json\/wp\/v2\/comments?post=12002"}],"wp:featuredmedia":[{"embeddable":true,"href":"https:\/\/server.idssoft.net\/idsdemo\/wp-json\/wp\/v2\/media\/12001"}],"wp:attachment":[{"href":"https:\/\/server.idssoft.net\/idsdemo\/wp-json\/wp\/v2\/media?parent=12002"}],"wp:term":[{"taxonomy":"product_cat","embeddable":true,"href":"https:\/\/server.idssoft.net\/idsdemo\/wp-json\/wp\/v2\/product_cat?post=12002"},{"taxonomy":"product_tag","embeddable":true,"href":"https:\/\/server.idssoft.net\/idsdemo\/wp-json\/wp\/v2\/product_tag?post=12002"}],"curies":[{"name":"wp","href":"https:\/\/api.w.org\/{rel}","templated":true}]}}