{"id":12007,"date":"2021-06-23T13:51:14","date_gmt":"2021-06-23T13:51:14","guid":{"rendered":"https:\/\/server.idssoft.net\/idsdemo\/producto\/telefono-fijo-inalambrico-a270-blanco-gigaset\/"},"modified":"2021-06-23T13:51:14","modified_gmt":"2021-06-23T13:51:14","slug":"telefono-fijo-inalambrico-a270-blanco-gigaset","status":"publish","type":"product","link":"https:\/\/server.idssoft.net\/idsdemo\/producto\/telefono-fijo-inalambrico-a270-blanco-gigaset\/","title":{"rendered":"TELEFONO FIJO INALAMBRICO A270 BLANCO GIGASET"},"content":{"rendered":"<p>Gigaset A270. Tipo: Tel\u00e9fono DECT, Tipo de auricular: Terminal inal\u00e1mbrico. Altavoz. Rango m\u00e1ximo en interiores: 50 m, Rango m\u00e1ximo en exteriores: 300 m. Capacidad de lista de direcciones: 80 entradas. Identificador de llamadas. Diagonal de la pan<\/p>\n","protected":false},"excerpt":{"rendered":"<p>Gigaset A270. Tipo: Tel\u00e9fono DECT, Tipo de auricular: Terminal inal\u00e1mbrico. Altavoz. Rango m\u00e1ximo en interiores: 50 m, Rango m\u00e1ximo en exteriores: 300 m. Capacidad de lista de direcciones: 80 entradas. Identificador de llamadas. Diagonal de la pan<\/p>\n","protected":false},"featured_media":12005,"comment_status":"open","ping_status":"closed","template":"","meta":[],"product_cat":[488],"product_tag":[],"class_list":["post-12007","product","type-product","status-publish","has-post-thumbnail","hentry","product_cat-telefonia-fija-inalmbrica","thunk-woo-product-list","opn-qv-enable","top-store-woo-hover-","top-store-single-product-tab-horizontal","top-store-shadow-","top-store-shadow-hover-"],"_links":{"self":[{"href":"https:\/\/server.idssoft.net\/idsdemo\/wp-json\/wp\/v2\/product\/12007","targetHints":{"allow":["GET"]}}],"collection":[{"href":"https:\/\/server.idssoft.net\/idsdemo\/wp-json\/wp\/v2\/product"}],"about":[{"href":"https:\/\/server.idssoft.net\/idsdemo\/wp-json\/wp\/v2\/types\/product"}],"replies":[{"embeddable":true,"href":"https:\/\/server.idssoft.net\/idsdemo\/wp-json\/wp\/v2\/comments?post=12007"}],"wp:featuredmedia":[{"embeddable":true,"href":"https:\/\/server.idssoft.net\/idsdemo\/wp-json\/wp\/v2\/media\/12005"}],"wp:attachment":[{"href":"https:\/\/server.idssoft.net\/idsdemo\/wp-json\/wp\/v2\/media?parent=12007"}],"wp:term":[{"taxonomy":"product_cat","embeddable":true,"href":"https:\/\/server.idssoft.net\/idsdemo\/wp-json\/wp\/v2\/product_cat?post=12007"},{"taxonomy":"product_tag","embeddable":true,"href":"https:\/\/server.idssoft.net\/idsdemo\/wp-json\/wp\/v2\/product_tag?post=12007"}],"curies":[{"name":"wp","href":"https:\/\/api.w.org\/{rel}","templated":true}]}}