{"id":12017,"date":"2021-06-23T13:51:33","date_gmt":"2021-06-23T13:51:33","guid":{"rendered":"https:\/\/server.idssoft.net\/idsdemo\/producto\/telefono-fijo-dl380-blanco-gigaset\/"},"modified":"2021-06-23T13:51:33","modified_gmt":"2021-06-23T13:51:33","slug":"telefono-fijo-dl380-blanco-gigaset","status":"publish","type":"product","link":"https:\/\/server.idssoft.net\/idsdemo\/producto\/telefono-fijo-dl380-blanco-gigaset\/","title":{"rendered":"TELEFONO FIJO DL380 BLANCO GIGASET"},"content":{"rendered":"<p>Gigaset DL380. Tipo: Tel\u00e9fono anal\u00f3gico, Tipo de auricular: Terminal con conexi\u00f3n por cable. Altavoz, Capacidad de lista de direcciones: 99 entradas. Identificador de llamadas. Color del producto: Blanco. N\u00famero de tel\u00e9fonos m\u00f3viles incluidos: 1<\/p>\n","protected":false},"excerpt":{"rendered":"<p>Gigaset DL380. Tipo: Tel\u00e9fono anal\u00f3gico, Tipo de auricular: Terminal con conexi\u00f3n por cable. Altavoz, Capacidad de lista de direcciones: 99 entradas. Identificador de llamadas. Color del producto: Blanco. N\u00famero de tel\u00e9fonos m\u00f3viles incluidos: 1<\/p>\n","protected":false},"featured_media":12015,"comment_status":"open","ping_status":"closed","template":"","meta":[],"product_cat":[487],"product_tag":[],"class_list":["post-12017","product","type-product","status-publish","has-post-thumbnail","hentry","product_cat-telefona-fija-sobremesa","thunk-woo-product-list","opn-qv-enable","top-store-woo-hover-","top-store-single-product-tab-horizontal","top-store-shadow-","top-store-shadow-hover-"],"_links":{"self":[{"href":"https:\/\/server.idssoft.net\/idsdemo\/wp-json\/wp\/v2\/product\/12017","targetHints":{"allow":["GET"]}}],"collection":[{"href":"https:\/\/server.idssoft.net\/idsdemo\/wp-json\/wp\/v2\/product"}],"about":[{"href":"https:\/\/server.idssoft.net\/idsdemo\/wp-json\/wp\/v2\/types\/product"}],"replies":[{"embeddable":true,"href":"https:\/\/server.idssoft.net\/idsdemo\/wp-json\/wp\/v2\/comments?post=12017"}],"wp:featuredmedia":[{"embeddable":true,"href":"https:\/\/server.idssoft.net\/idsdemo\/wp-json\/wp\/v2\/media\/12015"}],"wp:attachment":[{"href":"https:\/\/server.idssoft.net\/idsdemo\/wp-json\/wp\/v2\/media?parent=12017"}],"wp:term":[{"taxonomy":"product_cat","embeddable":true,"href":"https:\/\/server.idssoft.net\/idsdemo\/wp-json\/wp\/v2\/product_cat?post=12017"},{"taxonomy":"product_tag","embeddable":true,"href":"https:\/\/server.idssoft.net\/idsdemo\/wp-json\/wp\/v2\/product_tag?post=12017"}],"curies":[{"name":"wp","href":"https:\/\/api.w.org\/{rel}","templated":true}]}}