{"id":12038,"date":"2021-06-23T13:52:15","date_gmt":"2021-06-23T13:52:15","guid":{"rendered":"https:\/\/server.idssoft.net\/idsdemo\/producto\/telefono-movil-alcatel-2053d-blanco-pantalla-2-4-6-09cm-qv\/"},"modified":"2021-06-23T13:52:15","modified_gmt":"2021-06-23T13:52:15","slug":"telefono-movil-alcatel-2053d-blanco-pantalla-2-4-6-09cm-qv","status":"publish","type":"product","link":"https:\/\/server.idssoft.net\/idsdemo\/producto\/telefono-movil-alcatel-2053d-blanco-pantalla-2-4-6-09cm-qv\/","title":{"rendered":"TEL\u00c9FONO M\u00d3VIL ALCATEL 2053D BLANCO &#8211; PANTALLA 2.4\/6.09CM QV"},"content":{"rendered":"<p>PANTALLA<br \/>2.4&#8242; QVGA (320\u00d7240)<br \/>TFT-TN<br \/>C\u00c1MARA<br \/>C\u00e1mara trasera VGA (interpolada a 1,3 MP), FF, c\u00e1mara con flash, reproducci\u00f3n de v\u00eddeo: VGA<br \/>CONECTIVIDAD<br \/>GSM 850\/900\/1800\/1900<br \/>Bluetooth BT 2.1+EDR<br \/>Ranura SIM: 3FF (Micro<\/p>\n","protected":false},"excerpt":{"rendered":"<p>PANTALLA2.4&#8242; QVGA (320\u00d7240)TFT-TNC\u00c1MARAC\u00e1mara trasera VGA (interpolada a 1,3 MP), FF, c\u00e1mara con flash, reproducci\u00f3n de v\u00eddeo: VGACONECTIVIDADGSM 850\/900\/1800\/1900Bluetooth BT 2.1+EDRRanura SIM: 3FF (Micro<\/p>\n","protected":false},"featured_media":12037,"comment_status":"open","ping_status":"closed","template":"","meta":[],"product_cat":[489],"product_tag":[],"class_list":["post-12038","product","type-product","status-publish","has-post-thumbnail","hentry","product_cat-telefonia-movil-gama-baja","thunk-woo-product-list","opn-qv-enable","top-store-woo-hover-","top-store-single-product-tab-horizontal","top-store-shadow-","top-store-shadow-hover-"],"_links":{"self":[{"href":"https:\/\/server.idssoft.net\/idsdemo\/wp-json\/wp\/v2\/product\/12038","targetHints":{"allow":["GET"]}}],"collection":[{"href":"https:\/\/server.idssoft.net\/idsdemo\/wp-json\/wp\/v2\/product"}],"about":[{"href":"https:\/\/server.idssoft.net\/idsdemo\/wp-json\/wp\/v2\/types\/product"}],"replies":[{"embeddable":true,"href":"https:\/\/server.idssoft.net\/idsdemo\/wp-json\/wp\/v2\/comments?post=12038"}],"wp:featuredmedia":[{"embeddable":true,"href":"https:\/\/server.idssoft.net\/idsdemo\/wp-json\/wp\/v2\/media\/12037"}],"wp:attachment":[{"href":"https:\/\/server.idssoft.net\/idsdemo\/wp-json\/wp\/v2\/media?parent=12038"}],"wp:term":[{"taxonomy":"product_cat","embeddable":true,"href":"https:\/\/server.idssoft.net\/idsdemo\/wp-json\/wp\/v2\/product_cat?post=12038"},{"taxonomy":"product_tag","embeddable":true,"href":"https:\/\/server.idssoft.net\/idsdemo\/wp-json\/wp\/v2\/product_tag?post=12038"}],"curies":[{"name":"wp","href":"https:\/\/api.w.org\/{rel}","templated":true}]}}