{"id":12044,"date":"2021-06-23T13:52:26","date_gmt":"2021-06-23T13:52:26","guid":{"rendered":"https:\/\/server.idssoft.net\/idsdemo\/producto\/raton-vertical-ergonomico-inalambrico-ewent\/"},"modified":"2021-06-23T13:52:26","modified_gmt":"2021-06-23T13:52:26","slug":"raton-vertical-ergonomico-inalambrico-ewent","status":"publish","type":"product","link":"https:\/\/server.idssoft.net\/idsdemo\/producto\/raton-vertical-ergonomico-inalambrico-ewent\/","title":{"rendered":"RATON VERTICAL ERGON\u00d3MICO INALAMBRICO EWENT"},"content":{"rendered":"<p>El rat\u00f3n ergon\u00f3mico inal\u00e1mbrico EW3158 con alta precisi\u00f3n de 1600 DPI es una soluci\u00f3n perfecta para las personas que pasan largas horas frente al ordenador. Muchos de los s\u00edntomas comunes de la tensi\u00f3n relacionada con la mu\u00f1eca y el rat\u00f3n se<\/p>\n","protected":false},"excerpt":{"rendered":"<p>El rat\u00f3n ergon\u00f3mico inal\u00e1mbrico EW3158 con alta precisi\u00f3n de 1600 DPI es una soluci\u00f3n perfecta para las personas que pasan largas horas frente al ordenador. Muchos de los s\u00edntomas comunes de la tensi\u00f3n relacionada con la mu\u00f1eca y el rat\u00f3n se<\/p>\n","protected":false},"featured_media":12042,"comment_status":"open","ping_status":"closed","template":"","meta":[],"product_cat":[480],"product_tag":[],"class_list":["post-12044","product","type-product","status-publish","has-post-thumbnail","hentry","product_cat-ratones","thunk-woo-product-list","opn-qv-enable","top-store-woo-hover-","top-store-single-product-tab-horizontal","top-store-shadow-","top-store-shadow-hover-"],"_links":{"self":[{"href":"https:\/\/server.idssoft.net\/idsdemo\/wp-json\/wp\/v2\/product\/12044","targetHints":{"allow":["GET"]}}],"collection":[{"href":"https:\/\/server.idssoft.net\/idsdemo\/wp-json\/wp\/v2\/product"}],"about":[{"href":"https:\/\/server.idssoft.net\/idsdemo\/wp-json\/wp\/v2\/types\/product"}],"replies":[{"embeddable":true,"href":"https:\/\/server.idssoft.net\/idsdemo\/wp-json\/wp\/v2\/comments?post=12044"}],"wp:featuredmedia":[{"embeddable":true,"href":"https:\/\/server.idssoft.net\/idsdemo\/wp-json\/wp\/v2\/media\/12042"}],"wp:attachment":[{"href":"https:\/\/server.idssoft.net\/idsdemo\/wp-json\/wp\/v2\/media?parent=12044"}],"wp:term":[{"taxonomy":"product_cat","embeddable":true,"href":"https:\/\/server.idssoft.net\/idsdemo\/wp-json\/wp\/v2\/product_cat?post=12044"},{"taxonomy":"product_tag","embeddable":true,"href":"https:\/\/server.idssoft.net\/idsdemo\/wp-json\/wp\/v2\/product_tag?post=12044"}],"curies":[{"name":"wp","href":"https:\/\/api.w.org\/{rel}","templated":true}]}}