{"id":12047,"date":"2021-06-23T13:52:31","date_gmt":"2021-06-23T13:52:31","guid":{"rendered":"https:\/\/server.idssoft.net\/idsdemo\/producto\/volante-pedales-k-wheel-multi-plataforma-krom\/"},"modified":"2021-06-23T13:52:31","modified_gmt":"2021-06-23T13:52:31","slug":"volante-pedales-k-wheel-multi-plataforma-krom","status":"publish","type":"product","link":"https:\/\/server.idssoft.net\/idsdemo\/producto\/volante-pedales-k-wheel-multi-plataforma-krom\/","title":{"rendered":"VOLANTE + PEDALES K-WHEEL MULTI-PLATAFORMA KROM"},"content":{"rendered":"<p>El Krom K-Wheel es un juego de volante de competici\u00f3n y pedales optimizado para todo tipo de juego de carreras que llega a Krom para ofrecerte m\u00e1xima seguridad y control incluso en las maniobras m\u00e1s extremas. Experimenta la adrenalina de los piloto<\/p>\n","protected":false},"excerpt":{"rendered":"<p>El Krom K-Wheel es un juego de volante de competici\u00f3n y pedales optimizado para todo tipo de juego de carreras que llega a Krom para ofrecerte m\u00e1xima seguridad y control incluso en las maniobras m\u00e1s extremas. Experimenta la adrenalina de los piloto<\/p>\n","protected":false},"featured_media":12045,"comment_status":"open","ping_status":"closed","template":"","meta":[],"product_cat":[460],"product_tag":[],"class_list":["post-12047","product","type-product","status-publish","has-post-thumbnail","hentry","product_cat-joystick","thunk-woo-product-list","opn-qv-enable","top-store-woo-hover-","top-store-single-product-tab-horizontal","top-store-shadow-","top-store-shadow-hover-"],"_links":{"self":[{"href":"https:\/\/server.idssoft.net\/idsdemo\/wp-json\/wp\/v2\/product\/12047","targetHints":{"allow":["GET"]}}],"collection":[{"href":"https:\/\/server.idssoft.net\/idsdemo\/wp-json\/wp\/v2\/product"}],"about":[{"href":"https:\/\/server.idssoft.net\/idsdemo\/wp-json\/wp\/v2\/types\/product"}],"replies":[{"embeddable":true,"href":"https:\/\/server.idssoft.net\/idsdemo\/wp-json\/wp\/v2\/comments?post=12047"}],"wp:featuredmedia":[{"embeddable":true,"href":"https:\/\/server.idssoft.net\/idsdemo\/wp-json\/wp\/v2\/media\/12045"}],"wp:attachment":[{"href":"https:\/\/server.idssoft.net\/idsdemo\/wp-json\/wp\/v2\/media?parent=12047"}],"wp:term":[{"taxonomy":"product_cat","embeddable":true,"href":"https:\/\/server.idssoft.net\/idsdemo\/wp-json\/wp\/v2\/product_cat?post=12047"},{"taxonomy":"product_tag","embeddable":true,"href":"https:\/\/server.idssoft.net\/idsdemo\/wp-json\/wp\/v2\/product_tag?post=12047"}],"curies":[{"name":"wp","href":"https:\/\/api.w.org\/{rel}","templated":true}]}}