{"id":12060,"date":"2021-06-23T13:52:49","date_gmt":"2021-06-23T13:52:49","guid":{"rendered":"https:\/\/server.idssoft.net\/idsdemo\/producto\/microfono-starzz-con-tripode-trust\/"},"modified":"2021-06-23T13:52:49","modified_gmt":"2021-06-23T13:52:49","slug":"microfono-starzz-con-tripode-trust","status":"publish","type":"product","link":"https:\/\/server.idssoft.net\/idsdemo\/producto\/microfono-starzz-con-tripode-trust\/","title":{"rendered":"MICROFONO STARZZ CON TRIPODE TRUST"},"content":{"rendered":"<p>&#8211; Micr\u00f3fono de alto rendimiento con bot\u00f3n silenciador y tr\u00edpode que garantiza una reproducci\u00f3n del sonido extraordinariamente clara y natural<br \/>&#8211; Ideal para grabaciones de voz, sesiones de juego en l\u00ednea, chatear, Skype y aplicaciones controlad<\/p>\n","protected":false},"excerpt":{"rendered":"<p>&#8211; Micr\u00f3fono de alto rendimiento con bot\u00f3n silenciador y tr\u00edpode que garantiza una reproducci\u00f3n del sonido extraordinariamente clara y natural&#8211; Ideal para grabaciones de voz, sesiones de juego en l\u00ednea, chatear, Skype y aplicaciones controlad<\/p>\n","protected":false},"featured_media":12058,"comment_status":"open","ping_status":"closed","template":"","meta":[],"product_cat":[475],"product_tag":[],"class_list":["post-12060","product","type-product","status-publish","has-post-thumbnail","hentry","product_cat-microfonos","thunk-woo-product-list","opn-qv-enable","top-store-woo-hover-","top-store-single-product-tab-horizontal","top-store-shadow-","top-store-shadow-hover-"],"_links":{"self":[{"href":"https:\/\/server.idssoft.net\/idsdemo\/wp-json\/wp\/v2\/product\/12060","targetHints":{"allow":["GET"]}}],"collection":[{"href":"https:\/\/server.idssoft.net\/idsdemo\/wp-json\/wp\/v2\/product"}],"about":[{"href":"https:\/\/server.idssoft.net\/idsdemo\/wp-json\/wp\/v2\/types\/product"}],"replies":[{"embeddable":true,"href":"https:\/\/server.idssoft.net\/idsdemo\/wp-json\/wp\/v2\/comments?post=12060"}],"wp:featuredmedia":[{"embeddable":true,"href":"https:\/\/server.idssoft.net\/idsdemo\/wp-json\/wp\/v2\/media\/12058"}],"wp:attachment":[{"href":"https:\/\/server.idssoft.net\/idsdemo\/wp-json\/wp\/v2\/media?parent=12060"}],"wp:term":[{"taxonomy":"product_cat","embeddable":true,"href":"https:\/\/server.idssoft.net\/idsdemo\/wp-json\/wp\/v2\/product_cat?post=12060"},{"taxonomy":"product_tag","embeddable":true,"href":"https:\/\/server.idssoft.net\/idsdemo\/wp-json\/wp\/v2\/product_tag?post=12060"}],"curies":[{"name":"wp","href":"https:\/\/api.w.org\/{rel}","templated":true}]}}