{"id":12106,"date":"2021-06-23T13:54:16","date_gmt":"2021-06-23T13:54:16","guid":{"rendered":"https:\/\/server.idssoft.net\/idsdemo\/producto\/cafetera-12-tazas-aluminio-jata-apta-para-todas-las-cocinas\/"},"modified":"2021-06-23T13:54:16","modified_gmt":"2021-06-23T13:54:16","slug":"cafetera-12-tazas-aluminio-jata-apta-para-todas-las-cocinas","status":"publish","type":"product","link":"https:\/\/server.idssoft.net\/idsdemo\/producto\/cafetera-12-tazas-aluminio-jata-apta-para-todas-las-cocinas\/","title":{"rendered":"CAFETERA 12 TAZAS ALUMINIO JATA (APTA PARA TODAS LAS COCINAS"},"content":{"rendered":"<p>Cafetera italiana full induction con interior pulido con tratamiento especial anti\u00f3xido<\/p>\n<p>Fondo difusor inducci\u00f3n total.<br \/>Tratamiento interior especial anti\u00f3xido.<br \/>Interior pulido.<br \/>Asa s\u00f3lida.<br \/>Junta de silicona.<br \/>Cue<\/p>\n","protected":false},"excerpt":{"rendered":"<p>Cafetera italiana full induction con interior pulido con tratamiento especial anti\u00f3xido Fondo difusor inducci\u00f3n total.Tratamiento interior especial anti\u00f3xido.Interior pulido.Asa s\u00f3lida.Junta de silicona.Cue<\/p>\n","protected":false},"featured_media":12105,"comment_status":"open","ping_status":"closed","template":"","meta":[],"product_cat":[531],"product_tag":[],"class_list":["post-12106","product","type-product","status-publish","has-post-thumbnail","hentry","product_cat-cafeteras","thunk-woo-product-list","opn-qv-enable","top-store-woo-hover-","top-store-single-product-tab-horizontal","top-store-shadow-","top-store-shadow-hover-"],"_links":{"self":[{"href":"https:\/\/server.idssoft.net\/idsdemo\/wp-json\/wp\/v2\/product\/12106","targetHints":{"allow":["GET"]}}],"collection":[{"href":"https:\/\/server.idssoft.net\/idsdemo\/wp-json\/wp\/v2\/product"}],"about":[{"href":"https:\/\/server.idssoft.net\/idsdemo\/wp-json\/wp\/v2\/types\/product"}],"replies":[{"embeddable":true,"href":"https:\/\/server.idssoft.net\/idsdemo\/wp-json\/wp\/v2\/comments?post=12106"}],"wp:featuredmedia":[{"embeddable":true,"href":"https:\/\/server.idssoft.net\/idsdemo\/wp-json\/wp\/v2\/media\/12105"}],"wp:attachment":[{"href":"https:\/\/server.idssoft.net\/idsdemo\/wp-json\/wp\/v2\/media?parent=12106"}],"wp:term":[{"taxonomy":"product_cat","embeddable":true,"href":"https:\/\/server.idssoft.net\/idsdemo\/wp-json\/wp\/v2\/product_cat?post=12106"},{"taxonomy":"product_tag","embeddable":true,"href":"https:\/\/server.idssoft.net\/idsdemo\/wp-json\/wp\/v2\/product_tag?post=12106"}],"curies":[{"name":"wp","href":"https:\/\/api.w.org\/{rel}","templated":true}]}}