{"id":12109,"date":"2021-06-23T13:54:21","date_gmt":"2021-06-23T13:54:21","guid":{"rendered":"https:\/\/server.idssoft.net\/idsdemo\/producto\/cafetera-de-goteo-cg4014-650w-6-tazas-placa-calorifica-j\/"},"modified":"2021-06-23T13:54:21","modified_gmt":"2021-06-23T13:54:21","slug":"cafetera-de-goteo-cg4014-650w-6-tazas-placa-calorifica-j","status":"publish","type":"product","link":"https:\/\/server.idssoft.net\/idsdemo\/producto\/cafetera-de-goteo-cg4014-650w-6-tazas-placa-calorifica-j\/","title":{"rendered":"CAFETERA DE GOTEO CG4014 650W 6 TAZAS | PLACA CALOR\u00cdFICA | J"},"content":{"rendered":"<p>Cafetera de goteo.<br \/>Capacidad 6 tazas.<br \/>Filtro permanente extra\u00edble.<br \/>Dep\u00f3sito con indicador de nivel de agua.<br \/>Jarra de cristal con tapa.<br \/>Protecci\u00f3n anti goteo.<br \/>Piloto luminoso de funcionamiento.<br \/>Placa calor\u00edfica anti-adhe<\/p>\n","protected":false},"excerpt":{"rendered":"<p>Cafetera de goteo.Capacidad 6 tazas.Filtro permanente extra\u00edble.Dep\u00f3sito con indicador de nivel de agua.Jarra de cristal con tapa.Protecci\u00f3n anti goteo.Piloto luminoso de funcionamiento.Placa calor\u00edfica anti-adhe<\/p>\n","protected":false},"featured_media":12107,"comment_status":"open","ping_status":"closed","template":"","meta":[],"product_cat":[502],"product_tag":[],"class_list":["post-12109","product","type-product","status-publish","has-post-thumbnail","hentry","product_cat-cafeteras-electricas","thunk-woo-product-list","opn-qv-enable","top-store-woo-hover-","top-store-single-product-tab-horizontal","top-store-shadow-","top-store-shadow-hover-"],"_links":{"self":[{"href":"https:\/\/server.idssoft.net\/idsdemo\/wp-json\/wp\/v2\/product\/12109","targetHints":{"allow":["GET"]}}],"collection":[{"href":"https:\/\/server.idssoft.net\/idsdemo\/wp-json\/wp\/v2\/product"}],"about":[{"href":"https:\/\/server.idssoft.net\/idsdemo\/wp-json\/wp\/v2\/types\/product"}],"replies":[{"embeddable":true,"href":"https:\/\/server.idssoft.net\/idsdemo\/wp-json\/wp\/v2\/comments?post=12109"}],"wp:featuredmedia":[{"embeddable":true,"href":"https:\/\/server.idssoft.net\/idsdemo\/wp-json\/wp\/v2\/media\/12107"}],"wp:attachment":[{"href":"https:\/\/server.idssoft.net\/idsdemo\/wp-json\/wp\/v2\/media?parent=12109"}],"wp:term":[{"taxonomy":"product_cat","embeddable":true,"href":"https:\/\/server.idssoft.net\/idsdemo\/wp-json\/wp\/v2\/product_cat?post=12109"},{"taxonomy":"product_tag","embeddable":true,"href":"https:\/\/server.idssoft.net\/idsdemo\/wp-json\/wp\/v2\/product_tag?post=12109"}],"curies":[{"name":"wp","href":"https:\/\/api.w.org\/{rel}","templated":true}]}}