{"id":12142,"date":"2021-06-23T13:55:11","date_gmt":"2021-06-23T13:55:11","guid":{"rendered":"https:\/\/server.idssoft.net\/idsdemo\/producto\/consola-portatil-powerbank-416-juegos\/"},"modified":"2021-06-23T13:55:11","modified_gmt":"2021-06-23T13:55:11","slug":"consola-portatil-powerbank-416-juegos","status":"publish","type":"product","link":"https:\/\/server.idssoft.net\/idsdemo\/producto\/consola-portatil-powerbank-416-juegos\/","title":{"rendered":"CONSOLA PORTATIL + POWERBANK 416 JUEGOS"},"content":{"rendered":"<p>\u00a1Descubre nuestra \u00faltima incorporaci\u00f3n en consolas cl\u00e1sicas! Vuelve a los juegos con los que creciste mientras disfrutas de toda la innovaci\u00f3n y avances tecnol\u00f3gicos actuales. Esta consola est\u00e1 pensada para los m\u00e1s nost\u00e1lgicos y para todos aq<\/p>\n","protected":false},"excerpt":{"rendered":"<p>\u00a1Descubre nuestra \u00faltima incorporaci\u00f3n en consolas cl\u00e1sicas! Vuelve a los juegos con los que creciste mientras disfrutas de toda la innovaci\u00f3n y avances tecnol\u00f3gicos actuales. Esta consola est\u00e1 pensada para los m\u00e1s nost\u00e1lgicos y para todos aq<\/p>\n","protected":false},"featured_media":12140,"comment_status":"open","ping_status":"closed","template":"","meta":[],"product_cat":[466],"product_tag":[],"class_list":["post-12142","product","type-product","status-publish","has-post-thumbnail","hentry","product_cat-consolas","thunk-woo-product-list","opn-qv-enable","top-store-woo-hover-","top-store-single-product-tab-horizontal","top-store-shadow-","top-store-shadow-hover-"],"_links":{"self":[{"href":"https:\/\/server.idssoft.net\/idsdemo\/wp-json\/wp\/v2\/product\/12142","targetHints":{"allow":["GET"]}}],"collection":[{"href":"https:\/\/server.idssoft.net\/idsdemo\/wp-json\/wp\/v2\/product"}],"about":[{"href":"https:\/\/server.idssoft.net\/idsdemo\/wp-json\/wp\/v2\/types\/product"}],"replies":[{"embeddable":true,"href":"https:\/\/server.idssoft.net\/idsdemo\/wp-json\/wp\/v2\/comments?post=12142"}],"wp:featuredmedia":[{"embeddable":true,"href":"https:\/\/server.idssoft.net\/idsdemo\/wp-json\/wp\/v2\/media\/12140"}],"wp:attachment":[{"href":"https:\/\/server.idssoft.net\/idsdemo\/wp-json\/wp\/v2\/media?parent=12142"}],"wp:term":[{"taxonomy":"product_cat","embeddable":true,"href":"https:\/\/server.idssoft.net\/idsdemo\/wp-json\/wp\/v2\/product_cat?post=12142"},{"taxonomy":"product_tag","embeddable":true,"href":"https:\/\/server.idssoft.net\/idsdemo\/wp-json\/wp\/v2\/product_tag?post=12142"}],"curies":[{"name":"wp","href":"https:\/\/api.w.org\/{rel}","templated":true}]}}