{"id":12148,"date":"2021-06-23T13:55:21","date_gmt":"2021-06-23T13:55:21","guid":{"rendered":"https:\/\/server.idssoft.net\/idsdemo\/producto\/auriculares-bluetooth-tws-a2-azul-blanco\/"},"modified":"2021-06-23T13:55:21","modified_gmt":"2021-06-23T13:55:21","slug":"auriculares-bluetooth-tws-a2-azul-blanco","status":"publish","type":"product","link":"https:\/\/server.idssoft.net\/idsdemo\/producto\/auriculares-bluetooth-tws-a2-azul-blanco\/","title":{"rendered":"AURICULARES BLUETOOTH TWS A2 AZUL\/BLANCO"},"content":{"rendered":"<p>\u00a1Olvida los cables! Hazte con lo \u00faltimo en auriculares inal\u00e1mbricos con caja cargador incorporada. Escuche m\u00fasica o responda llamadas mientras hace ejercicio con facilidad gracias a estos innovadores auriculares. Compatible con APPLE, ANDROID y cu<\/p>\n","protected":false},"excerpt":{"rendered":"<p>\u00a1Olvida los cables! Hazte con lo \u00faltimo en auriculares inal\u00e1mbricos con caja cargador incorporada. Escuche m\u00fasica o responda llamadas mientras hace ejercicio con facilidad gracias a estos innovadores auriculares. Compatible con APPLE, ANDROID y cu<\/p>\n","protected":false},"featured_media":12146,"comment_status":"open","ping_status":"closed","template":"","meta":[],"product_cat":[477],"product_tag":[],"class_list":["post-12148","product","type-product","status-publish","has-post-thumbnail","hentry","product_cat-auriculares-bluetooth-tws","thunk-woo-product-list","opn-qv-enable","top-store-woo-hover-","top-store-single-product-tab-horizontal","top-store-shadow-","top-store-shadow-hover-"],"_links":{"self":[{"href":"https:\/\/server.idssoft.net\/idsdemo\/wp-json\/wp\/v2\/product\/12148","targetHints":{"allow":["GET"]}}],"collection":[{"href":"https:\/\/server.idssoft.net\/idsdemo\/wp-json\/wp\/v2\/product"}],"about":[{"href":"https:\/\/server.idssoft.net\/idsdemo\/wp-json\/wp\/v2\/types\/product"}],"replies":[{"embeddable":true,"href":"https:\/\/server.idssoft.net\/idsdemo\/wp-json\/wp\/v2\/comments?post=12148"}],"wp:featuredmedia":[{"embeddable":true,"href":"https:\/\/server.idssoft.net\/idsdemo\/wp-json\/wp\/v2\/media\/12146"}],"wp:attachment":[{"href":"https:\/\/server.idssoft.net\/idsdemo\/wp-json\/wp\/v2\/media?parent=12148"}],"wp:term":[{"taxonomy":"product_cat","embeddable":true,"href":"https:\/\/server.idssoft.net\/idsdemo\/wp-json\/wp\/v2\/product_cat?post=12148"},{"taxonomy":"product_tag","embeddable":true,"href":"https:\/\/server.idssoft.net\/idsdemo\/wp-json\/wp\/v2\/product_tag?post=12148"}],"curies":[{"name":"wp","href":"https:\/\/api.w.org\/{rel}","templated":true}]}}