{"id":12151,"date":"2021-06-23T13:55:26","date_gmt":"2021-06-23T13:55:26","guid":{"rendered":"https:\/\/server.idssoft.net\/idsdemo\/producto\/auriculares-bluetooth-tws-a2-azul-negro\/"},"modified":"2021-06-23T13:55:26","modified_gmt":"2021-06-23T13:55:26","slug":"auriculares-bluetooth-tws-a2-azul-negro","status":"publish","type":"product","link":"https:\/\/server.idssoft.net\/idsdemo\/producto\/auriculares-bluetooth-tws-a2-azul-negro\/","title":{"rendered":"AURICULARES BLUETOOTH TWS A2 AZUL\/NEGRO"},"content":{"rendered":"<p>\u00a1Olvida los cables! Hazte con lo \u00faltimo en auriculares inal\u00e1mbricos con caja cargador incorporada. Escuche m\u00fasica o responda llamadas mientras hace ejercicio con facilidad gracias a estos innovadores auriculares. Compatible con APPLE, ANDROID y cu<\/p>\n","protected":false},"excerpt":{"rendered":"<p>\u00a1Olvida los cables! Hazte con lo \u00faltimo en auriculares inal\u00e1mbricos con caja cargador incorporada. Escuche m\u00fasica o responda llamadas mientras hace ejercicio con facilidad gracias a estos innovadores auriculares. Compatible con APPLE, ANDROID y cu<\/p>\n","protected":false},"featured_media":12149,"comment_status":"open","ping_status":"closed","template":"","meta":[],"product_cat":[477],"product_tag":[],"class_list":["post-12151","product","type-product","status-publish","has-post-thumbnail","hentry","product_cat-auriculares-bluetooth-tws","thunk-woo-product-list","opn-qv-enable","top-store-woo-hover-","top-store-single-product-tab-horizontal","top-store-shadow-","top-store-shadow-hover-"],"_links":{"self":[{"href":"https:\/\/server.idssoft.net\/idsdemo\/wp-json\/wp\/v2\/product\/12151","targetHints":{"allow":["GET"]}}],"collection":[{"href":"https:\/\/server.idssoft.net\/idsdemo\/wp-json\/wp\/v2\/product"}],"about":[{"href":"https:\/\/server.idssoft.net\/idsdemo\/wp-json\/wp\/v2\/types\/product"}],"replies":[{"embeddable":true,"href":"https:\/\/server.idssoft.net\/idsdemo\/wp-json\/wp\/v2\/comments?post=12151"}],"wp:featuredmedia":[{"embeddable":true,"href":"https:\/\/server.idssoft.net\/idsdemo\/wp-json\/wp\/v2\/media\/12149"}],"wp:attachment":[{"href":"https:\/\/server.idssoft.net\/idsdemo\/wp-json\/wp\/v2\/media?parent=12151"}],"wp:term":[{"taxonomy":"product_cat","embeddable":true,"href":"https:\/\/server.idssoft.net\/idsdemo\/wp-json\/wp\/v2\/product_cat?post=12151"},{"taxonomy":"product_tag","embeddable":true,"href":"https:\/\/server.idssoft.net\/idsdemo\/wp-json\/wp\/v2\/product_tag?post=12151"}],"curies":[{"name":"wp","href":"https:\/\/api.w.org\/{rel}","templated":true}]}}