{"id":12156,"date":"2021-06-23T13:55:34","date_gmt":"2021-06-23T13:55:34","guid":{"rendered":"https:\/\/server.idssoft.net\/idsdemo\/producto\/adaptador-de-red-usb-3-0-a-ethernet-tp-link\/"},"modified":"2021-06-23T13:55:34","modified_gmt":"2021-06-23T13:55:34","slug":"adaptador-de-red-usb-3-0-a-ethernet-tp-link","status":"publish","type":"product","link":"https:\/\/server.idssoft.net\/idsdemo\/producto\/adaptador-de-red-usb-3-0-a-ethernet-tp-link\/","title":{"rendered":"ADAPTADOR DE RED USB 3.0 A ETHERNET TP-LINK"},"content":{"rendered":"<p>TP-LINK UE300. Tecnolog\u00eda de conectividad: Al\u00e1mbrico, Interfaz de host: USB, Interfaz: Ethernet. Rango m\u00e1ximo de transferencia de datos: 1000 Mbit\/s. USB con suministro de corriente. Color del producto: Blanco<\/p>\n<p>Tecnolog\u00eda de conectividad:<\/p>\n","protected":false},"excerpt":{"rendered":"<p>TP-LINK UE300. Tecnolog\u00eda de conectividad: Al\u00e1mbrico, Interfaz de host: USB, Interfaz: Ethernet. Rango m\u00e1ximo de transferencia de datos: 1000 Mbit\/s. USB con suministro de corriente. Color del producto: Blanco Tecnolog\u00eda de conectividad:<\/p>\n","protected":false},"featured_media":12154,"comment_status":"open","ping_status":"closed","template":"","meta":[],"product_cat":[470],"product_tag":[],"class_list":["post-12156","product","type-product","status-publish","has-post-thumbnail","hentry","product_cat-convertidores-extender","thunk-woo-product-list","opn-qv-enable","top-store-woo-hover-","top-store-single-product-tab-horizontal","top-store-shadow-","top-store-shadow-hover-"],"_links":{"self":[{"href":"https:\/\/server.idssoft.net\/idsdemo\/wp-json\/wp\/v2\/product\/12156","targetHints":{"allow":["GET"]}}],"collection":[{"href":"https:\/\/server.idssoft.net\/idsdemo\/wp-json\/wp\/v2\/product"}],"about":[{"href":"https:\/\/server.idssoft.net\/idsdemo\/wp-json\/wp\/v2\/types\/product"}],"replies":[{"embeddable":true,"href":"https:\/\/server.idssoft.net\/idsdemo\/wp-json\/wp\/v2\/comments?post=12156"}],"wp:featuredmedia":[{"embeddable":true,"href":"https:\/\/server.idssoft.net\/idsdemo\/wp-json\/wp\/v2\/media\/12154"}],"wp:attachment":[{"href":"https:\/\/server.idssoft.net\/idsdemo\/wp-json\/wp\/v2\/media?parent=12156"}],"wp:term":[{"taxonomy":"product_cat","embeddable":true,"href":"https:\/\/server.idssoft.net\/idsdemo\/wp-json\/wp\/v2\/product_cat?post=12156"},{"taxonomy":"product_tag","embeddable":true,"href":"https:\/\/server.idssoft.net\/idsdemo\/wp-json\/wp\/v2\/product_tag?post=12156"}],"curies":[{"name":"wp","href":"https:\/\/api.w.org\/{rel}","templated":true}]}}