{"id":12167,"date":"2021-06-23T13:55:50","date_gmt":"2021-06-23T13:55:50","guid":{"rendered":"https:\/\/server.idssoft.net\/idsdemo\/producto\/raton-optico-logitech-m185-wireless-rojo\/"},"modified":"2021-06-23T13:55:50","modified_gmt":"2021-06-23T13:55:50","slug":"raton-optico-logitech-m185-wireless-rojo","status":"publish","type":"product","link":"https:\/\/server.idssoft.net\/idsdemo\/producto\/raton-optico-logitech-m185-wireless-rojo\/","title":{"rendered":"RATON OPTICO LOGITECH M185 WIRELESS ROJO"},"content":{"rendered":"<p>Sencillo y fiable rat\u00f3n inal\u00e1mbrico de f\u00e1cil conexi\u00f3n.<\/p>\n<p>Conexi\u00f3n inal\u00e1mbrica fiable.<br \/>Sin retrasos ni interrupciones. El min\u00fasculo receptor inal\u00e1mbrico proporciona una conexi\u00f3n de confianza.<\/p>\n<p>Dispositivo de alimentaci\u00f3n pa<\/p>\n","protected":false},"excerpt":{"rendered":"<p>Sencillo y fiable rat\u00f3n inal\u00e1mbrico de f\u00e1cil conexi\u00f3n. Conexi\u00f3n inal\u00e1mbrica fiable.Sin retrasos ni interrupciones. El min\u00fasculo receptor inal\u00e1mbrico proporciona una conexi\u00f3n de confianza. Dispositivo de alimentaci\u00f3n pa<\/p>\n","protected":false},"featured_media":12166,"comment_status":"open","ping_status":"closed","template":"","meta":[],"product_cat":[480],"product_tag":[],"class_list":["post-12167","product","type-product","status-publish","has-post-thumbnail","hentry","product_cat-ratones","thunk-woo-product-list","opn-qv-enable","top-store-woo-hover-","top-store-single-product-tab-horizontal","top-store-shadow-","top-store-shadow-hover-"],"_links":{"self":[{"href":"https:\/\/server.idssoft.net\/idsdemo\/wp-json\/wp\/v2\/product\/12167","targetHints":{"allow":["GET"]}}],"collection":[{"href":"https:\/\/server.idssoft.net\/idsdemo\/wp-json\/wp\/v2\/product"}],"about":[{"href":"https:\/\/server.idssoft.net\/idsdemo\/wp-json\/wp\/v2\/types\/product"}],"replies":[{"embeddable":true,"href":"https:\/\/server.idssoft.net\/idsdemo\/wp-json\/wp\/v2\/comments?post=12167"}],"wp:featuredmedia":[{"embeddable":true,"href":"https:\/\/server.idssoft.net\/idsdemo\/wp-json\/wp\/v2\/media\/12166"}],"wp:attachment":[{"href":"https:\/\/server.idssoft.net\/idsdemo\/wp-json\/wp\/v2\/media?parent=12167"}],"wp:term":[{"taxonomy":"product_cat","embeddable":true,"href":"https:\/\/server.idssoft.net\/idsdemo\/wp-json\/wp\/v2\/product_cat?post=12167"},{"taxonomy":"product_tag","embeddable":true,"href":"https:\/\/server.idssoft.net\/idsdemo\/wp-json\/wp\/v2\/product_tag?post=12167"}],"curies":[{"name":"wp","href":"https:\/\/api.w.org\/{rel}","templated":true}]}}